{"id":102,"date":"2020-10-11T17:12:48","date_gmt":"2020-10-11T15:12:48","guid":{"rendered":"https:\/\/aubertmme.wordpress.com\/?page_id=102"},"modified":"2025-01-28T10:13:19","modified_gmt":"2025-01-28T09:13:19","slug":"press-publications","status":"publish","type":"page","link":"https:\/\/aubertm.me\/index.php\/about-2\/press-publications\/","title":{"rendered":"Press and publications"},"content":{"rendered":"\n<div class=\"wp-block-group is-nowrap is-layout-flex wp-container-core-group-is-layout-6c531013 wp-block-group-is-layout-flex\">\n<div class=\"wp-block-group alignfull is-layout-flow wp-block-group-is-layout-flow\">\n<p>2021\/12 Technicity &#8211; <a href=\"https:\/\/aubertm.me\/2021\/12\/09\/interview-pour-digitalcity-brussels\/\">Interview as Digital expert<\/a><\/p>\n\n\n\n<p>2019\/08 Trends-Tendances &#8211; <a rel=\"noreferrer noopener\" href=\"http:\/\/fitmynest.com\/2019\/08\/fitmynest-in-trends-tendances\/\" target=\"_blank\">FitMyNest: Cohousing vindt  weg naar klassieke projectontwikkeling<\/a><br>2019\/07 Le Soir &#8211; <a rel=\"noreferrer noopener\" href=\"http:\/\/fitmynest.com\/2019\/07\/fitmynest-dans-le-soir\/\" target=\"_blank\">FitMyNest : Une vie de village au coeur de la ville<\/a><br>2019\/06 Business Confederation Macedonia &#8211; <a href=\"http:\/\/bcm.mk\/en\/a-successful-exchange-in-fitmynest-brussels\/\" target=\"_blank\" rel=\"noreferrer noopener\">A successful exchange in FitMyNest, Brussels<\/a><br>2019\/02 Le Soir &#8211; <a rel=\"noreferrer noopener\" href=\"http:\/\/fitmynest.com\/2019\/02\/les-habitats-evolutifs-de-fitmynest-sollicites-par-la-region-bruxelloise\/\" target=\"_blank\">FitMyNest : Ouvrir la porte \u00e0 l&#8217;habitat \u00e9volutif<\/a><\/p>\n\n\n\n<p>2018\/08 Imagine Demain le monde &#8211; <a rel=\"noreferrer noopener\" href=\"http:\/\/fitmynest.com\/2018\/08\/fitmynest-imagine-demain-le-monde\/\" target=\"_blank\">FitMyNest, des logements am\u00e9nag\u00e9s<\/a><br>2018\/04 La Capitale &#8211; <a rel=\"noreferrer noopener\" href=\"http:\/\/fitmynest.com\/2018\/04\/fitmynest-la-capitale\/\" target=\"_blank\">FitMyNest : Des logements qui \u00e9voluent en fonction de la taille des m\u00e9nages<\/a><br>2018\/04 <a rel=\"noreferrer noopener\" href=\"http:\/\/fitmynest.com\/2018\/04\/wonen-in-de-21ste-eeuw\/\" target=\"_blank\">Wonen in de 21ste eeuw<\/a><br>2018\/04 Bruzz &#8211; <a rel=\"noreferrer noopener\" href=\"cohousing met moduleerbare ruimtes&quot;\" target=\"_blank\">FitMyNest: &#8220;Nieuw: cohousing met moduleerbare ruimtes&#8221;<\/a><br>2018\/04 Le Soir &#8211; <a rel=\"noreferrer noopener\" href=\"http:\/\/fitmynest.com\/2018\/04\/fitmynest-le-soir\/\" target=\"_blank\">FitMyNest : L\u2019habitat group\u00e9 modulaire \u00e9merge<\/a><\/p>\n\n\n\n<p>2016\/01 Le Vif\/Datanews \u2013&nbsp;<a rel=\"noreferrer noopener\" href=\"http:\/\/datanews.levif.be\/ict\/molengeek-soutenu-par-des-entreprises-technologiques\/article-normal-450541.html\" target=\"_blank\">Molengeek soutenu par des entreprises technologiques<\/a><br>2016\/01 L\u2019Echo \u2013&nbsp;<a rel=\"noreferrer noopener\" href=\"http:\/\/www.lecho.be\/entreprises\/general\/Molengeek_quand_Molenbeek_veut_devenir_capitale_du_numerique.9727043-7773.art\" target=\"_blank\">Molengeek, quand Molenbeek veut devenir capitale du num\u00e9rique<\/a><\/p>\n\n\n\n<div class=\"wp-block-jetpack-tiled-gallery aligncenter is-style-rectangular\"><div class=\"tiled-gallery__gallery\"><div class=\"tiled-gallery__row\"><div class=\"tiled-gallery__col\" style=\"flex-basis:42.0257%\"><figure class=\"tiled-gallery__item\"><img decoding=\"async\" srcset=\"https:\/\/aubertm.me\/wp-content\/uploads\/2021\/04\/fred-colantonio-emarketing.jpg?strip=info&#038;w=400 400w\" alt=\"\" data-height=\"566\" data-id=\"3882\" data-link=\"https:\/\/aubertm.me\/fred-colantonio-emarketing\/\" data-url=\"https:\/\/aubertm.me\/wp-content\/uploads\/2021\/04\/fred-colantonio-emarketing.jpg\" data-width=\"400\" src=\"https:\/\/aubertm.me\/wp-content\/uploads\/2021\/04\/fred-colantonio-emarketing.jpg\" \/><\/figure><\/div><div class=\"tiled-gallery__col\" style=\"flex-basis:57.9743%\"><figure class=\"tiled-gallery__item\"><img decoding=\"async\" srcset=\"https:\/\/aubertm.me\/wp-content\/uploads\/2021\/04\/dedicace-emarketing.jpg?strip=info&#038;w=600 600w,https:\/\/aubertm.me\/wp-content\/uploads\/2021\/04\/dedicace-emarketing.jpg?strip=info&#038;w=900 900w,https:\/\/aubertm.me\/wp-content\/uploads\/2021\/04\/dedicace-emarketing.jpg?strip=info&#038;w=1000 1000w\" alt=\"\" data-height=\"1025\" data-id=\"3883\" data-link=\"https:\/\/aubertm.me\/dedicace-emarketing\/\" data-url=\"https:\/\/aubertm.me\/wp-content\/uploads\/2021\/04\/dedicace-emarketing.jpg\" data-width=\"1000\" src=\"https:\/\/aubertm.me\/wp-content\/uploads\/2021\/04\/dedicace-emarketing.jpg\" \/><\/figure><\/div><\/div><\/div><\/div>\n\n\n\n<p>2015\/12 CCI Mag \u2013 RueDuWeb: ils travaillent \u201cautrement\u201d<br>2015\/05 Le Vif \u2013&nbsp;<a rel=\"noreferrer noopener\" href=\"http:\/\/datanews.levif.be\/ict\/des-entrepreneurs-organisent-un-startup-weekend-a-l-attention-des-jeunes-a-molenbeek\/article-normal-396491.html\" target=\"_blank\">Des entrepreneurs organisent un \u2018startup weekend\u2019 \u00e0 l\u2019attention des jeunes \u00e0 Molenbeek<\/a><br>2015\/05 I like&nbsp;Molenbeek \u2013&nbsp;<a rel=\"noreferrer noopener\" href=\"https:\/\/www.facebook.com\/ilikemolenbeek\/posts\/1043342629030073\" target=\"_blank\">MolenGeek<\/a><br>2015\/03 Azimut \u2013&nbsp;<a rel=\"noreferrer noopener\" href=\"http:\/\/www.azimut.cc\/azimut\/Azimut_RA2014_web2.pdf\" target=\"_blank\">Rapport d\u2019activit\u00e9s 2014<\/a><br>2015\/03&nbsp;<a rel=\"noreferrer noopener\" href=\"http:\/\/cdn.ccilvn.be\/ccimag\/mars15ouest.pdf\" target=\"_blank\">CCI Mag<\/a>&nbsp;\u2013 Un bon site internet en 2015: op\u00e9ration s\u00e9duction<br>2015\/02 La Libre Entreprise \u2013&nbsp;<a rel=\"noreferrer noopener\" href=\"http:\/\/www.lalibre.be\/economie\/libre-entreprise\/heros-malgre-eux-54dccc6b35701001a1b011c1\" target=\"_blank\">H\u00e9ros malgr\u00e9 eux<\/a>&nbsp;sur&nbsp;<a rel=\"noreferrer noopener\" href=\"http:\/\/aubertmme.wordpress.com\/about-me\/presse-publications\/aura-dirigeants.orchestraaa.com\" target=\"_blank\">L\u2019Aura des Dirigeants<\/a><\/p>\n\n\n\n<div class=\"wp-block-jetpack-tiled-gallery aligncenter is-style-rectangular\"><div class=\"\"><div class=\"tiled-gallery__gallery\"><div class=\"tiled-gallery__row\"><div class=\"tiled-gallery__col\" style=\"flex-basis:32.69206%\"><figure class=\"tiled-gallery__item\"><img decoding=\"async\" srcset=\"https:\/\/i0.wp.com\/aubertm.me\/wp-content\/uploads\/2021\/04\/ramon-suarez-coworking.jpeg?strip=info&#038;w=600&#038;ssl=1 600w,https:\/\/i0.wp.com\/aubertm.me\/wp-content\/uploads\/2021\/04\/ramon-suarez-coworking.jpeg?strip=info&#038;w=698&#038;ssl=1 698w\" alt=\"\" data-height=\"1080\" data-id=\"3885\" data-link=\"https:\/\/aubertm.me\/ramon-suarez-coworking\/\" data-url=\"https:\/\/aubertm.me\/wp-content\/uploads\/2021\/04\/ramon-suarez-coworking.jpeg\" data-width=\"698\" src=\"https:\/\/i0.wp.com\/aubertm.me\/wp-content\/uploads\/2021\/04\/ramon-suarez-coworking.jpeg?ssl=1\" data-amp-layout=\"responsive\" tabindex=\"0\" role=\"button\" aria-label=\"Open image 1 of 2 in full-screen\"\/><\/figure><\/div><div class=\"tiled-gallery__col\" style=\"flex-basis:67.30794%\"><figure class=\"tiled-gallery__item\"><img decoding=\"async\" srcset=\"https:\/\/i0.wp.com\/aubertm.me\/wp-content\/uploads\/2021\/04\/dedicace-coworking-1.jpg?strip=info&#038;w=600&#038;ssl=1 600w,https:\/\/i0.wp.com\/aubertm.me\/wp-content\/uploads\/2021\/04\/dedicace-coworking-1.jpg?strip=info&#038;w=800&#038;ssl=1 800w\" alt=\"\" data-height=\"600\" data-id=\"3886\" data-link=\"https:\/\/aubertm.me\/dedicace-coworking-1\/\" data-url=\"https:\/\/aubertm.me\/wp-content\/uploads\/2021\/04\/dedicace-coworking-1.jpg\" data-width=\"800\" src=\"https:\/\/i0.wp.com\/aubertm.me\/wp-content\/uploads\/2021\/04\/dedicace-coworking-1.jpg?ssl=1\" data-amp-layout=\"responsive\" tabindex=\"0\" role=\"button\" aria-label=\"Open image 2 of 2 in full-screen\"\/><\/figure><\/div><\/div><\/div><\/div><\/div>\n\n\n\n<p>2014\/12 HRMeetup \u2013 Podcast&nbsp;<a rel=\"noreferrer noopener\" href=\"http:\/\/hrmeetup.org\/thepodcastfactory-l-aura-des-dirigeants-fr\/\" target=\"_blank\">L\u2019Aura des Dirigeants<\/a><br>2014\/11 Vers L\u2019Avenir \u2013 Brabant Wallon&nbsp;<a rel=\"noreferrer noopener\" href=\"https:\/\/web.archive.org\/web\/20180830195321\/http:\/\/www.lavenir.net\/article\/detail.aspx?articleid=DMF20141124_00563988\" target=\"_blank\">La RueDuWeb investit le Creative Spark<\/a><\/p>\n\n\n\n<p>2013\/12 Le Soir References \u2013 &nbsp;<a rel=\"noreferrer noopener\" href=\"http:\/\/20180830195321\/http:\/\/www.references.be\/carriere\/travailler-vivre\/equilibre-travail-vie\/Le-boom-des-sans-bureau-fixe\" target=\"_blank\">Le boom des sans-bureau-fixe<\/a><br>2013\/08 Vers L\u2019Avenir \u2013 Brabant Wallon&nbsp;<a rel=\"noreferrer noopener\" href=\"http:\/\/www.lavenir.net\/article\/detail.aspx?articleid=DMF20130806_00343614\" target=\"_blank\">Les \u00abCaf\u00e9s num\u00e9riques\u00bb d\u00e9barquent en morne plaine<br><\/a>2013\/06 Azimut \u2013 Nova&nbsp;<a rel=\"noreferrer noopener\" href=\"http:\/\/www.azimut.cc\/azimut\/Azimut_Nova9_web(1).pdf\" target=\"_blank\">Coup de booster&nbsp;pour la croissance gr\u00e2ce \u00e0 l\u2019\u00e9conomie collaborative<\/a><br>2013\/05 Enterprize \u2013 WebTV&nbsp;<a rel=\"noreferrer noopener\" href=\"http:\/\/www.enterprize.be\/content-video.php?id=113\" target=\"_blank\">L\u2019\u00e9conomie collaborative<\/a><\/p>\n\n\n\n<p>2013\/04&nbsp;Agence de Stimulation Economique \u2013 \u201c<a href=\"http:\/\/as-e.be\/content\/cahier-4-l-entrepreneuriat-feminin-en-wallonie\" target=\"_blank\" rel=\"noreferrer noopener\">Cahier 4 : L\u2019Entrepreneuriat f\u00e9minin en Wallonie<\/a>\u201d<br>2013\/04 Vers l\u2019Avenir \u2013 Brabant Wallon \u201c<a href=\"http:\/\/www.lavenir.net\/article\/detail.aspx?articleid=DMF20130409_00293862\" target=\"_blank\" rel=\"noreferrer noopener\">La RueDuWeb: 13 \u201cstart-up\u201d r\u00e9unies en un seul lieu<\/a>\u201d<br>2013\/01 Le Soir References \u2013 \u201cLa RueDuWeb s\u2019ouvre \u00e0 de nouvelles boutiques\u201d<\/p>\n\n\n\n<p>2012\/11 Elections Communales Durbuy 2012 \u2013 \u201c<a href=\"https:\/\/electionsdurbuy2012.wordpress.com\/2012\/09\/11\/critique-site-web-durbuy-be\/\" target=\"_blank\" rel=\"noreferrer noopener\">Critique du site Web Durbuy.be<\/a>\u201d<br>2012\/03 Webmission Austin \u2013&nbsp;<a href=\"http:\/\/www.youtube.com\/watch?v=3mjVkIWW2d0&amp;list=PLMnzDH8aBEK8p7chh4xjhXW_chtOxzf9x&amp;feature=share&amp;index=2\" target=\"_blank\" rel=\"noreferrer noopener\">interview<\/a><\/p>\n\n\n\n<p>2011\/04 Agence de Stimulation Economique \u2013 cha\u00eene vid\u00e9o Intelligence Strat\u00e9gique \u201cMontrez votre identit\u00e9 et vos valeurs, vos employ\u00e9s deviendront vos meilleurs ambassadeurs\u201d<\/p>\n\n\n\n<p><a href=\"https:\/\/www.youtube.com\/watch?v=RqxZrykU7aw\">https:\/\/www.youtube.com\/watch?v=RqxZrykU7aw<\/a><\/p>\n\n\n\n<p>2010\/05 Le Soir R\u00e9f\u00e9rences \u2013 \u201cCes femmes inventent leur emploi\u201d<br>2010\/03 Cafeine.tv \u2013 \u201c<a rel=\"noreferrer noopener\" href=\"http:\/\/cafeine.tv\/event\/4832\/e-marketing--e-commerce--online-et-mobile-business\/medias-sociaux--community-management--et-nouveaux-metiers-du-web...\/quels-sont-les-nouveaux-metiers-du-web-emergent\" target=\"_blank\">Quels sont les nouveaux m\u00e9tiers du Web \u00e9mergent ?<\/a>\u201d<br>2010\/01&nbsp;UCM \u2013 magazine \u201cVitrines\u201d : \u201cPortraits de quelques femmes du R\u00e9seau Diane\u201d<br>2010\/01 HR Channel \u2013 \u201c<a rel=\"noreferrer noopener\" href=\"http:\/\/hrchannel.com\/event\/430\/collaborative-technologies\/community-management--la-chaine-dediee\/definition-role-business-marketing-participatif\" target=\"_blank\">Community management&nbsp;: entre support, ligne \u00e9ditoriale et business development<\/a>\u201d<\/p>\n\n\n\n<div class=\"wp-block-jetpack-tiled-gallery aligncenter is-style-rectangular\"><div class=\"\"><div class=\"tiled-gallery__gallery\"><div class=\"tiled-gallery__row\"><div class=\"tiled-gallery__col\" style=\"flex-basis:45.79847%\"><figure class=\"tiled-gallery__item\"><img decoding=\"async\" srcset=\"https:\/\/i0.wp.com\/aubertm.me\/wp-content\/uploads\/2021\/04\/jean-yves-huwart-wallonie20.jpg?strip=info&#038;w=152&#038;ssl=1 152w\" alt=\"\" data-height=\"240\" data-id=\"3888\" data-link=\"https:\/\/aubertm.me\/jean-yves-huwart-wallonie20\/\" data-url=\"https:\/\/aubertm.me\/wp-content\/uploads\/2021\/04\/jean-yves-huwart-wallonie20.jpg\" data-width=\"152\" src=\"https:\/\/i0.wp.com\/aubertm.me\/wp-content\/uploads\/2021\/04\/jean-yves-huwart-wallonie20.jpg?ssl=1\" data-amp-layout=\"responsive\" tabindex=\"0\" role=\"button\" aria-label=\"Open image 1 of 2 in full-screen\"\/><\/figure><\/div><div class=\"tiled-gallery__col\" style=\"flex-basis:54.20153%\"><figure class=\"tiled-gallery__item\"><img decoding=\"async\" srcset=\"https:\/\/i0.wp.com\/aubertm.me\/wp-content\/uploads\/2021\/04\/dedicace-wallonie20.jpg?strip=info&#038;w=600&#038;ssl=1 600w,https:\/\/i0.wp.com\/aubertm.me\/wp-content\/uploads\/2021\/04\/dedicace-wallonie20.jpg?strip=info&#038;w=800&#038;ssl=1 800w\" alt=\"\" data-height=\"1067\" data-id=\"3889\" data-link=\"https:\/\/aubertm.me\/dedicace-wallonie20\/\" data-url=\"https:\/\/aubertm.me\/wp-content\/uploads\/2021\/04\/dedicace-wallonie20.jpg\" data-width=\"800\" src=\"https:\/\/i0.wp.com\/aubertm.me\/wp-content\/uploads\/2021\/04\/dedicace-wallonie20.jpg?ssl=1\" data-amp-layout=\"responsive\" tabindex=\"0\" role=\"button\" aria-label=\"Open image 2 of 2 in full-screen\"\/><\/figure><\/div><\/div><\/div><\/div><\/div>\n\n\n\n<p>2008\/11 Agence de Stimulation Economique \u2013 \u201cCahier 1 : Grand Prix Wallon de l\u2019Entrepreneuriat 2008\u201d<br>2008\/03 Inside \u2013 \u201cLe contenu, une force encore trop peu ou mal exploit\u00e9e\u201d<\/p>\n\n\n\n<p>2007\/09 Categorynet \u2013&nbsp;<a href=\"http:\/\/www.categorynet.com\/actu-des-medias\/articles-et-interviews-sur-la-presse\/les-professionnels-de-l7ecriture-web-ont-leur-association-:-e--criture-2007091450759\/\" target=\"_blank\" rel=\"noreferrer noopener\">Les professionnels de l\u2019\u00e9criture web ont leur association : e-criture<\/a><br>2007\/03 Braine-l\u2019Alleud \u2013 magazine \u201cL\u2019Echo du Hain\u201d : \u201cJournalisme, entreprises et Internet\u201d<br>2007\/03 TVCOM \u2013&nbsp;Journal t\u00e9l\u00e9vis\u00e9: sujet sur la journ\u00e9e mondiale de la femme<\/p>\n\n\n\n<p><a href=\"https:\/\/youtu.be\/mouPdT6FdfU\">https:\/\/youtu.be\/mouPdT6FdfU<\/a><\/p>\n\n\n\n<p>2007\/01 UCM \u2013 magazine \u201cVitrines\u201d : \u201cDiane: un r\u00e9seau de femmes chefs d\u2019entreprises confirm\u00e9es\u201d<\/p>\n\n\n\n<p>2006\/11 Imagine demain le monde \u2013 \u201cPouvoir tester sa petite entreprise sans (trop) se stresser<br>2006\/09 Fondation pour la Jeune Entreprise \u2013 revue \u201cEchos de la Fondation\u201d: \u201cLes femmes \u00e0 l\u2019honneur\u201d<\/p>\n\n\n\n<p>2005\/12 Vers l\u2019Avenir \u2013 \u00e9dition Brabant Wallon \u201cDonner du peps aux sites internet\u201d<br>2005\/11 CCIBW \u2013 revue \u201cLes \u00e9chos de la CCI\u201d: \u201cJournaliste-web.be, la communication est la locomotive de vos affaires\u201d<br>2005\/11 Facult\u00e9s Universitaires Notre-Dame de la Paix \u2013 \u201cVotre revue du web\u201d<br>2005\/03 Inside \u2013 \u201cA louer: journaliste pour site web\u201d<br>2005\/03 Canal Zoom \u2013 Emission \u201cPROFILS\u201d&nbsp;: suivi du parcours de jeunes entrepreneurs, un an apr\u00e8s<\/p>\n\n\n\n<p>2004\/03 Canal Zoom \u2013 Emission \u201cPROFILS\u201d&nbsp;: suivi du parcours de jeunes entrepreneurs<\/p>\n\n\n\n<p>1999\/11 SIEP \u2013&nbsp;<a href=\"http:\/\/metiers.siep.be\/interviews\/marina-aubert-copywriter\/\" target=\"_blank\" rel=\"noreferrer noopener\">interview<\/a><\/p>\n<\/div>\n<\/div>\n","protected":false},"excerpt":{"rendered":"<p>2021\/12 Technicity &#8211; Interview as Digital expert 2019\/08 Trends-Tendances &#8211; FitMyNest: Cohousing vindt weg naar klassieke projectontwikkeling2019\/07 Le Soir &#8211; FitMyNest : Une vie de village au coeur de la ville2019\/06 Business Confederation Macedonia &#8211; A successful exchange in FitMyNest, Brussels2019\/02 Le Soir &#8211; FitMyNest : Ouvrir la porte \u00e0 l&#8217;habitat \u00e9volutif 2018\/08 Imagine Demain [&hellip;]<\/p>\n","protected":false},"author":2,"featured_media":0,"parent":1588,"menu_order":1,"comment_status":"closed","ping_status":"closed","template":"","meta":{"footnotes":""},"class_list":["post-102","page","type-page","status-publish","hentry"],"jetpack_sharing_enabled":true,"_links":{"self":[{"href":"https:\/\/aubertm.me\/index.php\/wp-json\/wp\/v2\/pages\/102","targetHints":{"allow":["GET"]}}],"collection":[{"href":"https:\/\/aubertm.me\/index.php\/wp-json\/wp\/v2\/pages"}],"about":[{"href":"https:\/\/aubertm.me\/index.php\/wp-json\/wp\/v2\/types\/page"}],"author":[{"embeddable":true,"href":"https:\/\/aubertm.me\/index.php\/wp-json\/wp\/v2\/users\/2"}],"replies":[{"embeddable":true,"href":"https:\/\/aubertm.me\/index.php\/wp-json\/wp\/v2\/comments?post=102"}],"version-history":[{"count":2,"href":"https:\/\/aubertm.me\/index.php\/wp-json\/wp\/v2\/pages\/102\/revisions"}],"predecessor-version":[{"id":4542,"href":"https:\/\/aubertm.me\/index.php\/wp-json\/wp\/v2\/pages\/102\/revisions\/4542"}],"up":[{"embeddable":true,"href":"https:\/\/aubertm.me\/index.php\/wp-json\/wp\/v2\/pages\/1588"}],"wp:attachment":[{"href":"https:\/\/aubertm.me\/index.php\/wp-json\/wp\/v2\/media?parent=102"}],"curies":[{"name":"wp","href":"https:\/\/api.w.org\/{rel}","templated":true}]}}