{"id":120,"date":"2020-10-11T17:34:34","date_gmt":"2020-10-11T15:34:34","guid":{"rendered":"https:\/\/aubertmme.wordpress.com\/?page_id=120"},"modified":"2025-11-04T15:18:21","modified_gmt":"2025-11-04T14:18:21","slug":"trainings-in-english","status":"publish","type":"page","link":"https:\/\/aubertm.me\/index.php\/my-experience\/trainings-in-english\/","title":{"rendered":"1998-2021 Trainer on data marketing"},"content":{"rendered":"\n<p>2021\/03-06 Cit\u00e9 des m\u00e9tiers de Bruxelles &#8211; UX\/UI workshops<br>2021 Cit\u00e9 des m\u00e9tiers de Bruxelles &#8211; Change management workshops for the editing committee<\/p>\n\n\n\n<p>2020\/07-09 Cit\u00e9 des m\u00e9tiers de Bruxelles &#8211; UX\/UI workshops<br>2020 Bruxelles Formation &#8211; Digital strategy for a blog: coaching<\/p>\n\n\n\n<p>2019\/01-10 Bruxelles Formation &#8211; Digital strategy for a blog<br>2019\/01-04 SPF Health Bebiodiversity &#8211; Digital strategy<\/p>\n\n\n\n<p>2018\/06-10 SPF Health Bebiodiversity &#8211; Digital strategy<\/p>\n\n\n\n<p>2017\/11 Amazone \u2013 Webinar on personal branding strategies for female CEOs<br>2017\/09-10 SPF Finances \u2013 (digital) edition + follow-up coaching<br>2017\/04 Azimut \u2013 Individual digital coaching<br>2017\/01-07 Azimut \u2013 Reputation &amp; (digital) notoriety to sell<br>2017\/01-04 University Lille 3 Master 2 IDEMM \u2013 Practices in digital edition<\/p>\n\n\n\n<p>2016\/09 Azimut \u2013 Individual web coaching<br>2016\/08-12 Azimut \u2013 Reputation &amp; (digital) notoriety to sell<br>2016\/07-08 Azimut \u2013 Practical workshop on digital strategy<br>2016\/05-06 Azimut \u2013 Develop your digital strategy<br>2016\/04 IFE Benelux \u2013 Develop your professional network with social networks<br>2016\/01\u00a0<a href=\"https:\/\/web.archive.org\/web\/20180830190703\/http:\/\/www.molengeek.com\/\" target=\"_blank\" rel=\"noreferrer noopener\">Molengeek<\/a>\u00a0\u2013 Weekend hackathon for less favored youth<br>2016\/01-04 University Lille 3 Master 2 IDEMM \u2013 Practices in web edition<\/p>\n\n\n\n<p>2015\/10 <a href=\"https:\/\/aubertm.me\/about-2\/strategist\/schreder\/\">Schr\u00e9der<\/a> &#8211; Workshops on worldwide websites strategy, in a worldwide framework<br>2015\/06 Digital Marketing School \u2013 Training in web edition<br>2015\/04\u00a0Technocit\u00e9 \u2013 Workshop on e-reputation for e-commerce, organized for Bachelor students in e-business at Campus 2000 in Li\u00e8ge<br>2015\/03\u00a0Technocit\u00e9 \u2013 Workshop in e-reputation and Personal Branding, organized for Bachelor students in e-business at E-campus Tournai<br>2015\/01 Technocit\u00e9 \u2013 Personal branding for Bachelor students in marketing at Henallux Namur<br>2015\/01-03 Technocit\u00e9 \u2013 Professional blogging for young bloggers at Mons 2015<br>2015\u00a0Workshop WUP\u00a0\u2013\u00a0Elaborate your digital strategy,\u00a0Create your first mini website<\/p>\n\n\n\n<p>2014\/11\u00a0Technocit\u00e9 \u2013 Professional microblogging: Twitter<br>2014\/11 Technocit\u00e9 \u2013 Companies&#8217; social networks<br>2014\/10\u00a0Technocit\u00e9 \u2013 Create an original digital resume (5 days), for Ath\u00e9n\u00e9e Royal Jules Bordet at Braine-le-Comte (secondary school)<br>2014\/09\u00a0Technocit\u00e9 \u2013 E-Reputation basics: the power of Web 2.0<br>2014\/09\u00a0Digital Marketing School \u2013\u00a0Digital edition for health\u00a0professionals<br>2014\/08 DogStudio \u2013 Digital edition for e-tourism<br>2014\/03-05 Technocit\u00e9 -Create an original digital resume (5 days), for Institute Saint-Luc of Mons, Ath\u00e9n\u00e9e Royal Jules Bordet at Braine-le-Comte, and Institute Saint-Fran\u00e7ois at Ath (secondary schools)<br>2014\/01-03 Technocit\u00e9 \u2013 Companies&#8217; e-Reputation and social networks (1day), for Hautes Ecoles at Tournai, Henallux at Namur, Campus 2000 at Li\u00e8ge (Bachelor)<\/p>\n\n\n\n<p>2013\/11-12 Technocit\u00e9 \u2013 Companies&#8217; social networks<br>2013\/11 Technocit\u00e9 \u2013 E-Reputation basics: the power of Web 2.0<br>2013\/11 Technocit\u00e9 \u2013 Professional microblogging: Twitter<br>2013\/09 Technocit\u00e9 \u2013 E-Reputation basics: the power of Web 2.0<\/p>\n\n\n\n<p>2012\/10-11 Dogstudio\/BEP Namur \u2013 Reinforce the selling content for your e-tourism website<br>2012\/06-12 Microsoft Innovation Center Mons \u2013 Digital expert at Boostcamp for starters<\/p>\n\n\n\n<p>2011\/11 Cleverwood \u2013 Digital channels management<br>2011\/10-11-12 Technocit\u00e9 \u2013 Social networks: opportunities and threats for the individual and the company<br>2011\/10 UCM\/Jaibesoindecom.com \u2013 Digital strategy<br>2011\/10 <a href=\"https:\/\/aubertm.me\/about-2\/strategist\/digital-strategy-for-knauf-belgium-2011-2013\/\">Knauf Belgium<\/a> &#8211; Website &amp; social media strategies<br>2011\/09-10 La Maison de l\u2019Entreprise \u2013 Master the technics of digital edition to optimize your SEO results<br>2011\/08 Cleverwood \u2013 Digital channels management for BeTV<br>2011\/07 <a href=\"https:\/\/aubertm.me\/about-2\/strategist\/bruxelles-environnement-ibge-2\/\">Bruxelles Environnement<\/a> &#8211; Intranet refoundation<br>2011\/04-06 ISFSC \u2013 Digital edition for the Baccalaur\u00e9at en Ecriture multim\u00e9dia<\/p>\n\n\n\n<p>2010\/12 TechnofuturTIC \u2013 Digital edition, how does it work?<br>2010\/09-12 ISFSC \u2013 Digital edition for the Baccalaur\u00e9at en Ecriture multim\u00e9dia<br>2010\/04-06 ISFSC \u2013 Digital edition for the Baccalaur\u00e9at en Ecriture multim\u00e9dia<br>2010\/03 TechnofuturTIC \u2013 Practices in digital edition<\/p>\n\n\n\n<p>2009\/09 Dogstudio \u2013 Digital edition<br>2009\/09-12 ISFSC \u2013 Digital edition for the Baccalaur\u00e9at en Ecriture multim\u00e9dia<br>2009\/04-06 ISFSC \u2013 Digital edition for the Baccalaur\u00e9at en Ecriture multim\u00e9dia<br>2009\/03\u00a0TechnofuturTIC \u2013 Digital journalism<\/p>\n\n\n\n<p>2008\/12\u00a0TechnofuturTIC\/HEPCUT \u2013 Digital edition<br>2008\/11 Pays des Vall\u00e9es \u2013 Digital edition<br>2008\/11 TechnofuturTIC\/HEPCUT \u2013 Digital edition<br>2008\/09-12 ISFSC \u2013 Digital edition for the Baccalaur\u00e9at en Ecriture multim\u00e9dia<br>2008\/04-06 ISFSC \u2013 Digital edition for the\u00a0Baccalaur\u00e9at en Ecriture multim\u00e9dia<br>2008\/03 Days \u2013 Digital edition (for) your web communication<br>2008\/03 TechnofuturTIC \u2013 Digital journalism<br>2008\/02 TechnofuturTIC \u2013 Digital journalism<\/p>\n\n\n\n<p>2007\/12 ICHEC \u2013 Content management<br>2007\/10 TechnofuturTIC \u2013 Digital journalism<br>2007\/09-12 ISFSC \u2013 Digital edition for the\u00a0Baccalaur\u00e9at en Ecriture multim\u00e9dia<br>2007\/04 TechnofuturTIC \u2013\u00a0Digital edition<\/p>\n\n\n\n<p>2000-2001 Moloss \u2013 Individual training on digital strategy<\/p>\n\n\n\n<p>1998\/07 AEGEE European School Ljubljana (Slovenia) \u2013 Seminaires on internal collaboration<br>1998\/05 AEGEE European School Trier (Germany) &#8211; Seminaires on internal collaboration<\/p>\n","protected":false},"excerpt":{"rendered":"<p>2021\/03-06 Cit\u00e9 des m\u00e9tiers de Bruxelles &#8211; UX\/UI workshops2021 Cit\u00e9 des m\u00e9tiers de Bruxelles &#8211; Change management workshops for the editing committee 2020\/07-09 Cit\u00e9 des m\u00e9tiers de Bruxelles &#8211; UX\/UI workshops2020 Bruxelles Formation &#8211; Digital strategy for a blog: coaching 2019\/01-10 Bruxelles Formation &#8211; Digital strategy for a blog2019\/01-04 SPF Health Bebiodiversity &#8211; Digital strategy [&hellip;]<\/p>\n","protected":false},"author":2,"featured_media":0,"parent":3967,"menu_order":1997,"comment_status":"closed","ping_status":"closed","template":"","meta":{"footnotes":""},"class_list":["post-120","page","type-page","status-publish","hentry"],"jetpack_sharing_enabled":true,"_links":{"self":[{"href":"https:\/\/aubertm.me\/index.php\/wp-json\/wp\/v2\/pages\/120","targetHints":{"allow":["GET"]}}],"collection":[{"href":"https:\/\/aubertm.me\/index.php\/wp-json\/wp\/v2\/pages"}],"about":[{"href":"https:\/\/aubertm.me\/index.php\/wp-json\/wp\/v2\/types\/page"}],"author":[{"embeddable":true,"href":"https:\/\/aubertm.me\/index.php\/wp-json\/wp\/v2\/users\/2"}],"replies":[{"embeddable":true,"href":"https:\/\/aubertm.me\/index.php\/wp-json\/wp\/v2\/comments?post=120"}],"version-history":[{"count":4,"href":"https:\/\/aubertm.me\/index.php\/wp-json\/wp\/v2\/pages\/120\/revisions"}],"predecessor-version":[{"id":5322,"href":"https:\/\/aubertm.me\/index.php\/wp-json\/wp\/v2\/pages\/120\/revisions\/5322"}],"up":[{"embeddable":true,"href":"https:\/\/aubertm.me\/index.php\/wp-json\/wp\/v2\/pages\/3967"}],"wp:attachment":[{"href":"https:\/\/aubertm.me\/index.php\/wp-json\/wp\/v2\/media?parent=120"}],"curies":[{"name":"wp","href":"https:\/\/api.w.org\/{rel}","templated":true}]}}