{"id":1275,"date":"2015-10-21T11:14:00","date_gmt":"2015-10-21T09:14:00","guid":{"rendered":"http:\/\/aubertm.me\/fr\/?page_id=1275"},"modified":"2025-11-05T10:51:24","modified_gmt":"2025-11-05T09:51:24","slug":"velux","status":"publish","type":"page","link":"https:\/\/aubertm.me\/index.php\/my-experience\/velux\/","title":{"rendered":"2011 Mission pour VELUX"},"content":{"rendered":"\n<p><strong>Mission:<\/strong> optimiser le r\u00e9f\u00e9rencement (SEO) face \u00e0 la concurrence en ligne (tr\u00e8s rude)<\/p>\n\n\n\n<p><strong>Business analyst :<\/strong> r\u00e9alisation d&#8217;un cahier des charges \u00e0 partir des besoins des stakeholders<\/p>\n\n\n\n<p><strong>Functional analyst :<\/strong> analyse de l&#8217;existant AS-IS,et recommandations aux\u00a0stakeholders TO-BE<\/p>\n\n\n\n<p><strong>Project manager :<\/strong> allocation des ressources de mon \u00e9quipe (0,5 ETP), et suivi de projet<\/p>\n\n\n\n<p><strong>Data analyst:<\/strong> reporting hebdomadaire avec KPIs <\/p>\n\n\n\n<p><strong>R\u00e9sultats:<\/strong><\/p>\n\n\n\n<ul class=\"wp-block-list\">\n<li>Plus de\u00a090 pages optimis\u00e9es<\/li>\n\n\n\n<li>45 mots cl\u00e9s ont gagn\u00e9\u00a0des places:\u00a0\n<ul class=\"wp-block-list\">\n<li>pour 27 d&#8217;eux: +1 ou +2 ;<\/li>\n\n\n\n<li>pour 18 d&#8217;eux: +3 ou plus<\/li>\n<\/ul>\n<\/li>\n<\/ul>\n","protected":false},"excerpt":{"rendered":"<p>Mission: optimiser le r\u00e9f\u00e9rencement (SEO) face \u00e0 la concurrence en ligne (tr\u00e8s rude) Business analyst : r\u00e9alisation d&#8217;un cahier des charges \u00e0 partir des besoins des stakeholders Functional analyst : analyse de l&#8217;existant AS-IS,et recommandations aux\u00a0stakeholders TO-BE Project manager : allocation des ressources de mon \u00e9quipe (0,5 ETP), et suivi de projet Data analyst: reporting [&hellip;]<\/p>\n","protected":false},"author":2,"featured_media":0,"parent":3967,"menu_order":0,"comment_status":"closed","ping_status":"closed","template":"","meta":{"footnotes":""},"class_list":["post-1275","page","type-page","status-publish","hentry"],"jetpack_sharing_enabled":true,"_links":{"self":[{"href":"https:\/\/aubertm.me\/index.php\/wp-json\/wp\/v2\/pages\/1275","targetHints":{"allow":["GET"]}}],"collection":[{"href":"https:\/\/aubertm.me\/index.php\/wp-json\/wp\/v2\/pages"}],"about":[{"href":"https:\/\/aubertm.me\/index.php\/wp-json\/wp\/v2\/types\/page"}],"author":[{"embeddable":true,"href":"https:\/\/aubertm.me\/index.php\/wp-json\/wp\/v2\/users\/2"}],"replies":[{"embeddable":true,"href":"https:\/\/aubertm.me\/index.php\/wp-json\/wp\/v2\/comments?post=1275"}],"version-history":[{"count":5,"href":"https:\/\/aubertm.me\/index.php\/wp-json\/wp\/v2\/pages\/1275\/revisions"}],"predecessor-version":[{"id":5386,"href":"https:\/\/aubertm.me\/index.php\/wp-json\/wp\/v2\/pages\/1275\/revisions\/5386"}],"up":[{"embeddable":true,"href":"https:\/\/aubertm.me\/index.php\/wp-json\/wp\/v2\/pages\/3967"}],"wp:attachment":[{"href":"https:\/\/aubertm.me\/index.php\/wp-json\/wp\/v2\/media?parent=1275"}],"curies":[{"name":"wp","href":"https:\/\/api.w.org\/{rel}","templated":true}]}}