{"id":1276,"date":"2015-10-21T10:54:29","date_gmt":"2015-10-21T08:54:29","guid":{"rendered":"http:\/\/aubertm.me\/fr\/?page_id=1276"},"modified":"2025-11-05T10:31:07","modified_gmt":"2025-11-05T09:31:07","slug":"cet-power","status":"publish","type":"page","link":"https:\/\/aubertm.me\/index.php\/my-experience\/cet-power\/","title":{"rendered":"2011 &amp; 2015-2017 Missions pour CE+T Power"},"content":{"rendered":"\n<p id=\"top\">CE+T Power est une soci\u00e9t\u00e9 li\u00e9geoise sp\u00e9cialis\u00e9e dans l&#8217;\u00e9lectronique de puissance. Elle est pr\u00e9sente \u00e0 l&#8217;international, et poss\u00e8de des usines sur les autres continents. En 2016, elle a gagn\u00e9 un concours d&#8217;innovation de Google et d\u00e9croch\u00e9 le prix de 1 million US $.<\/p>\n\n\n\n<ul class=\"wp-block-list\">\n<li><a href=\"#2011\">2011 Digital project management<\/a><\/li>\n\n\n\n<li><a href=\"#2015\">2015-2017 Data marketing<\/a><\/li>\n<\/ul>\n\n\n<h2 class=\"wp-block-heading\" id=\"2011\">2011 Digital project management<\/h2>\n\n\n<p><strong>Mission :<\/strong> copywriting Corporate, SEO et whitepapers&nbsp;pour la refonte du site web<\/p>\n\n\n\n<p><strong>Business analyst : <\/strong>r\u00e9daction&nbsp;d&#8217;un cahier des charges \u00e0 partir des besoins des stakeholders<\/p>\n\n\n\n<p><strong>Functional analyst : <\/strong>analyse du site web existant AS-IS et recommandations TO-BE aux&nbsp;stakeholders<\/p>\n\n\n\n<p><strong>Information architect :<\/strong> structuration des contenus \u00e0 cr\u00e9er<\/p>\n\n\n\n<p><strong>Project manager : <\/strong>allocation des ressources de mon \u00e9quipe et suivi du projet<\/p>\n\n\n\n<p><strong>R\u00e9sultats:<\/strong> +50% visiteurs sur le site web<\/p>\n\n\n\n<figure class=\"wp-block-image size-large\"><img loading=\"lazy\" decoding=\"async\" width=\"1024\" height=\"488\" src=\"https:\/\/aubertm.me\/wp-content\/uploads\/2025\/10\/IMG_0554-1024x488.jpeg\" alt=\"\" class=\"wp-image-5031\" srcset=\"https:\/\/aubertm.me\/wp-content\/uploads\/2025\/10\/IMG_0554-1024x488.jpeg 1024w, https:\/\/aubertm.me\/wp-content\/uploads\/2025\/10\/IMG_0554-300x143.jpeg 300w, https:\/\/aubertm.me\/wp-content\/uploads\/2025\/10\/IMG_0554-768x366.jpeg 768w, https:\/\/aubertm.me\/wp-content\/uploads\/2025\/10\/IMG_0554.jpeg 1084w\" sizes=\"auto, (max-width: 1024px) 100vw, 1024px\" \/><\/figure>\n\n\n\n<p><a href=\"#top\">Retour<\/a><\/p>\n\n\n\n<hr class=\"wp-block-separator has-alpha-channel-opacity\"\/>\n\n\n<h2 class=\"wp-block-heading\" id=\"2015\">2015-2017 Data marketing<\/h2>\n\n\n<p><strong>Mission :<\/strong> online lead generation et nurturing<\/p>\n\n\n\n<p><strong>Functional analyst :<\/strong> analyse de l&#8217;existant AS-IS, et d\u00e9finition d&#8217;une vision concert\u00e9e TO-BE avec le marketing manager<\/p>\n\n\n\n<p><strong>Data marketing : <\/strong><\/p>\n\n\n\n<ul class=\"wp-block-list\">\n<li>Collaboration avec les \u00e9quipes de ventes belge, \u00e9tatsunienne, chinoise<\/li>\n\n\n\n<li>Marketing des contenus web et media<\/li>\n\n\n\n<li>G\u00e9n\u00e9ration et fid\u00e9lisation de prospects qualifi\u00e9s<\/li>\n<\/ul>\n\n\n\n<p><strong>Change manager :<\/strong> formation des \u00e9quipes US et Chine aux outils digitaux d\u00e9velopp\u00e9s<\/p>\n\n\n\n<p><strong>R\u00e9sultats :<\/strong><\/p>\n\n\n\n<ul class=\"wp-block-list\">\n<li>+46% visiteurs sur le site web<\/li>\n\n\n\n<li>+516 clicks sur la page Linkedin (rappel: audience de niche)<\/li>\n\n\n\n<li>Publication d&#8217;articles dans la presse mondiale sp\u00e9cialis\u00e9e<\/li>\n<\/ul>\n\n\n\n<div class=\"wp-block-jetpack-tiled-gallery aligncenter is-style-rectangular\"><div class=\"\"><div class=\"tiled-gallery__gallery\"><div class=\"tiled-gallery__row\"><div class=\"tiled-gallery__col\" style=\"flex-basis:50.00000%\"><figure class=\"tiled-gallery__item\"><img decoding=\"async\" srcset=\"https:\/\/i0.wp.com\/aubertm.me\/wp-content\/uploads\/2025\/10\/cet-power02.jpg?strip=info&#038;w=600&#038;ssl=1 600w,https:\/\/i0.wp.com\/aubertm.me\/wp-content\/uploads\/2025\/10\/cet-power02.jpg?strip=info&#038;w=900&#038;ssl=1 900w,https:\/\/i0.wp.com\/aubertm.me\/wp-content\/uploads\/2025\/10\/cet-power02.jpg?strip=info&#038;w=1020&#038;ssl=1 1020w\" alt=\"\" data-height=\"680\" data-id=\"5010\" data-link=\"https:\/\/aubertm.me\/cet-power-170323-yg-2\/\" data-url=\"https:\/\/aubertm.me\/wp-content\/uploads\/2025\/10\/cet-power02.jpg\" data-width=\"1020\" src=\"https:\/\/i0.wp.com\/aubertm.me\/wp-content\/uploads\/2025\/10\/cet-power02.jpg?ssl=1\" data-amp-layout=\"responsive\"\/><\/figure><\/div><div class=\"tiled-gallery__col\" style=\"flex-basis:50.00000%\"><figure class=\"tiled-gallery__item\"><img decoding=\"async\" srcset=\"https:\/\/i0.wp.com\/aubertm.me\/wp-content\/uploads\/2025\/10\/cet-power01.jpg?strip=info&#038;w=600&#038;ssl=1 600w,https:\/\/i0.wp.com\/aubertm.me\/wp-content\/uploads\/2025\/10\/cet-power01.jpg?strip=info&#038;w=900&#038;ssl=1 900w,https:\/\/i0.wp.com\/aubertm.me\/wp-content\/uploads\/2025\/10\/cet-power01.jpg?strip=info&#038;w=1020&#038;ssl=1 1020w\" alt=\"\" data-height=\"680\" data-id=\"5011\" data-link=\"https:\/\/aubertm.me\/cet-power-170323-yg-3\/\" data-url=\"https:\/\/aubertm.me\/wp-content\/uploads\/2025\/10\/cet-power01.jpg\" data-width=\"1020\" src=\"https:\/\/i0.wp.com\/aubertm.me\/wp-content\/uploads\/2025\/10\/cet-power01.jpg?ssl=1\" data-amp-layout=\"responsive\"\/><\/figure><\/div><\/div><\/div><\/div><\/div>\n\n\n\n<p>T\u00e9moignages de l&#8217;\u00e9quipe de vente am\u00e9ricaine<\/p>\n\n\n\n<figure class=\"wp-block-image size-full\"><img loading=\"lazy\" decoding=\"async\" width=\"763\" height=\"273\" src=\"https:\/\/aubertm.me\/wp-content\/uploads\/2025\/10\/cet-power_daniel.png\" alt=\"\" class=\"wp-image-5013\" srcset=\"https:\/\/aubertm.me\/wp-content\/uploads\/2025\/10\/cet-power_daniel.png 763w, https:\/\/aubertm.me\/wp-content\/uploads\/2025\/10\/cet-power_daniel-300x107.png 300w\" sizes=\"auto, (max-width: 763px) 100vw, 763px\" \/><\/figure>\n\n\n\n<figure class=\"wp-block-image size-large\"><img loading=\"lazy\" decoding=\"async\" width=\"1024\" height=\"318\" src=\"https:\/\/aubertm.me\/wp-content\/uploads\/2025\/10\/IMG_0553-1024x318.jpeg\" alt=\"\" class=\"wp-image-5029\" srcset=\"https:\/\/aubertm.me\/wp-content\/uploads\/2025\/10\/IMG_0553-1024x318.jpeg 1024w, https:\/\/aubertm.me\/wp-content\/uploads\/2025\/10\/IMG_0553-300x93.jpeg 300w, https:\/\/aubertm.me\/wp-content\/uploads\/2025\/10\/IMG_0553-768x238.jpeg 768w, https:\/\/aubertm.me\/wp-content\/uploads\/2025\/10\/IMG_0553.jpeg 1063w\" sizes=\"auto, (max-width: 1024px) 100vw, 1024px\" \/><\/figure>\n\n\n<h3 class=\"wp-block-heading\" id=\"presentation-de-lexperience-pour-bisnode-ouvrir-le-pdf\">Pr\u00e9sentation de l&#8217;exp\u00e9rience pour Bisnode : <a href=\"https:\/\/aubertm.me\/wp-content\/uploads\/2025\/10\/201711aubertmbisnodeleadgeneration-171215161344.pdf\" target=\"_blank\" rel=\"noreferrer noopener\">ouvrir le pdf<\/a><\/h3>\n\n\n<div class=\"wp-block-jetpack-tiled-gallery aligncenter is-style-rectangular\"><div class=\"\"><div class=\"tiled-gallery__gallery\"><div class=\"tiled-gallery__row\"><div class=\"tiled-gallery__col\" style=\"flex-basis:54.90018%\"><figure class=\"tiled-gallery__item\"><img decoding=\"async\" srcset=\"https:\/\/i0.wp.com\/aubertm.me\/wp-content\/uploads\/2025\/10\/bisnode03.png?strip=info&#038;w=487&#038;ssl=1 487w\" alt=\"\" data-height=\"667\" data-id=\"5007\" data-link=\"https:\/\/aubertm.me\/bisnode03\/\" data-url=\"https:\/\/aubertm.me\/wp-content\/uploads\/2025\/10\/bisnode03.png\" data-width=\"487\" src=\"https:\/\/i0.wp.com\/aubertm.me\/wp-content\/uploads\/2025\/10\/bisnode03.png?ssl=1\" data-amp-layout=\"responsive\"\/><\/figure><\/div><div class=\"tiled-gallery__col\" style=\"flex-basis:45.09982%\"><figure class=\"tiled-gallery__item\"><img decoding=\"async\" srcset=\"https:\/\/i0.wp.com\/aubertm.me\/wp-content\/uploads\/2025\/10\/bisnode02.png?strip=info&#038;w=481&#038;ssl=1 481w\" alt=\"\" data-height=\"527\" data-id=\"5006\" data-link=\"https:\/\/aubertm.me\/bisnode02\/\" data-url=\"https:\/\/aubertm.me\/wp-content\/uploads\/2025\/10\/bisnode02.png\" data-width=\"481\" src=\"https:\/\/i0.wp.com\/aubertm.me\/wp-content\/uploads\/2025\/10\/bisnode02.png?ssl=1\" data-amp-layout=\"responsive\"\/><\/figure><figure class=\"tiled-gallery__item\"><img decoding=\"async\" srcset=\"https:\/\/i0.wp.com\/aubertm.me\/wp-content\/uploads\/2025\/10\/bisnode-1024x573.png?strip=info&#038;w=600&#038;ssl=1 600w,https:\/\/i0.wp.com\/aubertm.me\/wp-content\/uploads\/2025\/10\/bisnode-1024x573.png?strip=info&#038;w=900&#038;ssl=1 900w,https:\/\/i0.wp.com\/aubertm.me\/wp-content\/uploads\/2025\/10\/bisnode-1024x573.png?strip=info&#038;w=1200&#038;ssl=1 1200w,https:\/\/i0.wp.com\/aubertm.me\/wp-content\/uploads\/2025\/10\/bisnode-1024x573.png?strip=info&#038;w=1290&#038;ssl=1 1290w\" alt=\"\" data-height=\"722\" data-id=\"5004\" data-link=\"https:\/\/aubertm.me\/bisnode-2\/\" data-url=\"https:\/\/aubertm.me\/wp-content\/uploads\/2025\/10\/bisnode-1024x573.png\" data-width=\"1290\" src=\"https:\/\/i0.wp.com\/aubertm.me\/wp-content\/uploads\/2025\/10\/bisnode-1024x573.png?ssl=1\" data-amp-layout=\"responsive\"\/><\/figure><\/div><\/div><div class=\"tiled-gallery__row\"><div class=\"tiled-gallery__col\" style=\"flex-basis:47.45528%\"><figure class=\"tiled-gallery__item\"><img decoding=\"async\" srcset=\"https:\/\/i0.wp.com\/aubertm.me\/wp-content\/uploads\/2025\/10\/bisnode1.jpg?strip=info&#038;w=600&#038;ssl=1 600w,https:\/\/i0.wp.com\/aubertm.me\/wp-content\/uploads\/2025\/10\/bisnode1.jpg?strip=info&#038;w=900&#038;ssl=1 900w,https:\/\/i0.wp.com\/aubertm.me\/wp-content\/uploads\/2025\/10\/bisnode1.jpg?strip=info&#038;w=960&#038;ssl=1 960w\" alt=\"\" data-height=\"720\" data-id=\"5003\" data-link=\"https:\/\/aubertm.me\/bisnode1-2\/\" data-url=\"https:\/\/aubertm.me\/wp-content\/uploads\/2025\/10\/bisnode1.jpg\" data-width=\"960\" src=\"https:\/\/i0.wp.com\/aubertm.me\/wp-content\/uploads\/2025\/10\/bisnode1.jpg?ssl=1\" data-amp-layout=\"responsive\"\/><\/figure><figure class=\"tiled-gallery__item\"><img decoding=\"async\" srcset=\"https:\/\/i0.wp.com\/aubertm.me\/wp-content\/uploads\/2020\/12\/bisnode2.jpg?strip=info&#038;w=600&#038;ssl=1 600w,https:\/\/i0.wp.com\/aubertm.me\/wp-content\/uploads\/2020\/12\/bisnode2.jpg?strip=info&#038;w=900&#038;ssl=1 900w,https:\/\/i0.wp.com\/aubertm.me\/wp-content\/uploads\/2020\/12\/bisnode2.jpg?strip=info&#038;w=960&#038;ssl=1 960w\" alt=\"\" data-height=\"720\" data-id=\"4684\" data-link=\"https:\/\/aubertm.me\/bisnode2\/\" data-url=\"https:\/\/aubertm.me\/wp-content\/uploads\/2020\/12\/bisnode2.jpg\" data-width=\"960\" src=\"https:\/\/i0.wp.com\/aubertm.me\/wp-content\/uploads\/2020\/12\/bisnode2.jpg?ssl=1\" data-amp-layout=\"responsive\"\/><\/figure><\/div><div class=\"tiled-gallery__col\" style=\"flex-basis:52.54472%\"><figure class=\"tiled-gallery__item\"><img decoding=\"async\" srcset=\"https:\/\/i0.wp.com\/aubertm.me\/wp-content\/uploads\/2025\/10\/bisnode01.png?strip=info&#038;w=492&#038;ssl=1 492w\" alt=\"\" data-height=\"672\" data-id=\"5005\" data-link=\"https:\/\/aubertm.me\/bisnode01\/\" data-url=\"https:\/\/aubertm.me\/wp-content\/uploads\/2025\/10\/bisnode01.png\" data-width=\"492\" src=\"https:\/\/i0.wp.com\/aubertm.me\/wp-content\/uploads\/2025\/10\/bisnode01.png?ssl=1\" data-amp-layout=\"responsive\"\/><\/figure><\/div><\/div><\/div><\/div><\/div>\n\n\n\n<p><a href=\"#top\">Retour<\/a><\/p>\n\n\n\n<hr class=\"wp-block-separator has-alpha-channel-opacity\"\/>\n","protected":false},"excerpt":{"rendered":"<p>CE+T Power est une soci\u00e9t\u00e9 li\u00e9geoise sp\u00e9cialis\u00e9e dans l&#8217;\u00e9lectronique de puissance. Elle est pr\u00e9sente \u00e0 l&#8217;international, et poss\u00e8de des usines sur les autres continents. En 2016, elle a gagn\u00e9 un concours d&#8217;innovation de Google et d\u00e9croch\u00e9 le prix de 1 million US $. 2011 Digital project management Mission : copywriting Corporate, SEO et whitepapers&nbsp;pour la [&hellip;]<\/p>\n","protected":false},"author":2,"featured_media":0,"parent":3967,"menu_order":0,"comment_status":"closed","ping_status":"closed","template":"","meta":{"footnotes":""},"class_list":["post-1276","page","type-page","status-publish","hentry"],"jetpack_sharing_enabled":true,"_links":{"self":[{"href":"https:\/\/aubertm.me\/index.php\/wp-json\/wp\/v2\/pages\/1276","targetHints":{"allow":["GET"]}}],"collection":[{"href":"https:\/\/aubertm.me\/index.php\/wp-json\/wp\/v2\/pages"}],"about":[{"href":"https:\/\/aubertm.me\/index.php\/wp-json\/wp\/v2\/types\/page"}],"author":[{"embeddable":true,"href":"https:\/\/aubertm.me\/index.php\/wp-json\/wp\/v2\/users\/2"}],"replies":[{"embeddable":true,"href":"https:\/\/aubertm.me\/index.php\/wp-json\/wp\/v2\/comments?post=1276"}],"version-history":[{"count":18,"href":"https:\/\/aubertm.me\/index.php\/wp-json\/wp\/v2\/pages\/1276\/revisions"}],"predecessor-version":[{"id":5379,"href":"https:\/\/aubertm.me\/index.php\/wp-json\/wp\/v2\/pages\/1276\/revisions\/5379"}],"up":[{"embeddable":true,"href":"https:\/\/aubertm.me\/index.php\/wp-json\/wp\/v2\/pages\/3967"}],"wp:attachment":[{"href":"https:\/\/aubertm.me\/index.php\/wp-json\/wp\/v2\/media?parent=1276"}],"curies":[{"name":"wp","href":"https:\/\/api.w.org\/{rel}","templated":true}]}}