{"id":2382,"date":"2018-09-17T15:46:39","date_gmt":"2018-09-17T13:46:39","guid":{"rendered":"http:\/\/aubertm.me\/?page_id=2382"},"modified":"2025-11-05T13:51:45","modified_gmt":"2025-11-05T12:51:45","slug":"universite-de-lille-3","status":"publish","type":"page","link":"https:\/\/aubertm.me\/index.php\/my-experience\/universite-de-lille-3\/","title":{"rendered":"2016-2017 Mission pour l&#8217;Universit\u00e9 de Lille 3"},"content":{"rendered":"\n<p><strong>Mission :<\/strong> former 2 classes de Master 2 IDEMM  (Information Documentation Parcours Ing\u00e9nierie du Document, \u00c9dition, M\u00e9diation Multim\u00e9dia) au marketing de contenu<\/p>\n\n\n\n<p><strong>Professor <\/strong>:<\/p>\n\n\n\n<ul class=\"wp-block-list\">\n<li>45 heures de cours x 2 <\/li>\n\n\n\n<li>Mise en place de\u00a0<a href=\"http:\/\/collaborations.aubertm.me\/2016\/04\/classe-collaborative\/\" target=\"_blank\" rel=\"noopener\">classes invers\u00e9es<\/a><\/li>\n<\/ul>\n\n\n\n<p><strong>R\u00e9sultats<\/strong> : 36 \u00e9tudiants, 150 articles web produits<\/p>\n","protected":false},"excerpt":{"rendered":"<p>Mission : former 2 classes de Master 2 IDEMM (Information Documentation Parcours Ing\u00e9nierie du Document, \u00c9dition, M\u00e9diation Multim\u00e9dia) au marketing de contenu Professor : R\u00e9sultats : 36 \u00e9tudiants, 150 articles web produits<\/p>\n","protected":false},"author":2,"featured_media":0,"parent":3967,"menu_order":0,"comment_status":"closed","ping_status":"closed","template":"","meta":{"footnotes":""},"class_list":["post-2382","page","type-page","status-publish","hentry"],"jetpack_sharing_enabled":true,"_links":{"self":[{"href":"https:\/\/aubertm.me\/index.php\/wp-json\/wp\/v2\/pages\/2382","targetHints":{"allow":["GET"]}}],"collection":[{"href":"https:\/\/aubertm.me\/index.php\/wp-json\/wp\/v2\/pages"}],"about":[{"href":"https:\/\/aubertm.me\/index.php\/wp-json\/wp\/v2\/types\/page"}],"author":[{"embeddable":true,"href":"https:\/\/aubertm.me\/index.php\/wp-json\/wp\/v2\/users\/2"}],"replies":[{"embeddable":true,"href":"https:\/\/aubertm.me\/index.php\/wp-json\/wp\/v2\/comments?post=2382"}],"version-history":[{"count":4,"href":"https:\/\/aubertm.me\/index.php\/wp-json\/wp\/v2\/pages\/2382\/revisions"}],"predecessor-version":[{"id":5424,"href":"https:\/\/aubertm.me\/index.php\/wp-json\/wp\/v2\/pages\/2382\/revisions\/5424"}],"up":[{"embeddable":true,"href":"https:\/\/aubertm.me\/index.php\/wp-json\/wp\/v2\/pages\/3967"}],"wp:attachment":[{"href":"https:\/\/aubertm.me\/index.php\/wp-json\/wp\/v2\/media?parent=2382"}],"curies":[{"name":"wp","href":"https:\/\/api.w.org\/{rel}","templated":true}]}}