{"id":2964,"date":"2015-10-21T11:52:22","date_gmt":"2015-10-21T09:52:22","guid":{"rendered":"http:\/\/aubertm.me\/fr\/?page_id=1302"},"modified":"2025-11-03T09:11:14","modified_gmt":"2025-11-03T08:11:14","slug":"2006-key-performance-fr","status":"publish","type":"page","link":"https:\/\/aubertm.me\/index.php\/my-experience\/2006-key-performance-fr\/","title":{"rendered":"2006-2008 Mission pour Key Performance"},"content":{"rendered":"\n<p><strong>Mission :<\/strong> D\u00e9velopper les outils marketing en ligne<\/p>\n\n\n\n<p><strong>Business analyst :<\/strong> r\u00e9daction du cahier des charges \u00e0 partir des besoins des stakeholders<\/p>\n\n\n\n<p><strong>Functional analyst :<\/strong> analyse de l&#8217;existant, conception du cadre<\/p>\n\n\n\n<p><strong>Project manager : <\/strong><\/p>\n\n\n\n<ul class=\"wp-block-list\">\n<li>Refonte du site web, des templates d&#8217;e-mailing, du logo<\/li>\n\n\n\n<li>Mise \u00e0 jour des contenus et gestion&nbsp;des campagnes d&#8217;e-emailing<\/li>\n<\/ul>\n\n\n\n<p><strong>Data analyst :<\/strong> <\/p>\n\n\n\n<ul class=\"wp-block-list\">\n<li>optimisation de la segmentation du CRM (GoldMine CRM)<\/li>\n\n\n\n<li>analyse des statistiques (Urchin, Google Analytics)<\/li>\n\n\n\n<li>recommandations aux stakeholders<\/li>\n<\/ul>\n\n\n\n<p><strong>Business developer :<\/strong> Support aux recrutements et aux relations publiques, aux partenariats technologiques et commerciaux<\/p>\n\n\n\n<p>R\u00e9sultats:<\/p>\n\n\n\n<ul class=\"wp-block-list\">\n<li>Lancement d&#8217;un nouveau site web et d&#8217;un nouveau logo<\/li>\n\n\n\n<li>5 campagnes d&#8217;e-mailings\/newsletters,&nbsp;2 communiqu\u00e9s de presse<\/li>\n\n\n\n<li>+434% visiteurs<\/li>\n\n\n\n<li>+970% pages visit\u00e9es<\/li>\n\n\n\n<li>+422% pages visit\u00e9es par visiteurs<\/li>\n<\/ul>\n\n\n\n<p><\/p>\n","protected":false},"excerpt":{"rendered":"<p>Mission : D\u00e9velopper les outils marketing en ligne Business analyst : r\u00e9daction du cahier des charges \u00e0 partir des besoins des stakeholders Functional analyst : analyse de l&#8217;existant, conception du cadre Project manager : Data analyst : Business developer : Support aux recrutements et aux relations publiques, aux partenariats technologiques et commerciaux R\u00e9sultats:<\/p>\n","protected":false},"author":2,"featured_media":0,"parent":3967,"menu_order":0,"comment_status":"closed","ping_status":"closed","template":"","meta":{"footnotes":""},"class_list":["post-2964","page","type-page","status-publish","hentry"],"jetpack_sharing_enabled":true,"_links":{"self":[{"href":"https:\/\/aubertm.me\/index.php\/wp-json\/wp\/v2\/pages\/2964","targetHints":{"allow":["GET"]}}],"collection":[{"href":"https:\/\/aubertm.me\/index.php\/wp-json\/wp\/v2\/pages"}],"about":[{"href":"https:\/\/aubertm.me\/index.php\/wp-json\/wp\/v2\/types\/page"}],"author":[{"embeddable":true,"href":"https:\/\/aubertm.me\/index.php\/wp-json\/wp\/v2\/users\/2"}],"replies":[{"embeddable":true,"href":"https:\/\/aubertm.me\/index.php\/wp-json\/wp\/v2\/comments?post=2964"}],"version-history":[{"count":4,"href":"https:\/\/aubertm.me\/index.php\/wp-json\/wp\/v2\/pages\/2964\/revisions"}],"predecessor-version":[{"id":5236,"href":"https:\/\/aubertm.me\/index.php\/wp-json\/wp\/v2\/pages\/2964\/revisions\/5236"}],"up":[{"embeddable":true,"href":"https:\/\/aubertm.me\/index.php\/wp-json\/wp\/v2\/pages\/3967"}],"wp:attachment":[{"href":"https:\/\/aubertm.me\/index.php\/wp-json\/wp\/v2\/media?parent=2964"}],"curies":[{"name":"wp","href":"https:\/\/api.w.org\/{rel}","templated":true}]}}