{"id":2965,"date":"2015-10-21T12:15:17","date_gmt":"2015-10-21T10:15:17","guid":{"rendered":"http:\/\/aubertm.me\/fr\/?page_id=1308"},"modified":"2025-11-04T16:37:35","modified_gmt":"2025-11-04T15:37:35","slug":"village-n1","status":"publish","type":"page","link":"https:\/\/aubertm.me\/index.php\/my-experience\/village-n1\/","title":{"rendered":"2009 Mission pour Village n\u00b01 Reine Fabiola"},"content":{"rendered":"\n<p><strong>Mission:<\/strong> un nouveau site web avec une section intranet<\/p>\n\n\n\n<p><strong>Business analyst:<\/strong> r\u00e9daction d\u2019un cahier des charges \u00e0 partir des besoins des stakeholders<\/p>\n\n\n\n<p><strong>Functional analyst:<\/strong> <\/p>\n\n\n\n<ul class=\"wp-block-list\">\n<li>conception du processus d&#8217;int\u00e9gration du nouveau site web avec son intranet<\/li>\n\n\n\n<li>accompagnement au choix du prestataire<\/li>\n\n\n\n<li>soutien du projet et m\u00e9diation dans les discussions techniques avec l&#8217;agence web<\/li>\n<\/ul>\n\n\n\n<p><strong>Project manager:<\/strong> <\/p>\n\n\n\n<ul class=\"wp-block-list\">\n<li>envoi du cahier des charges aux agences web s\u00e9lectionn\u00e9es<\/li>\n\n\n\n<li>suivi du projet jusqu&#8217;\u00e0 sa livraison finale<\/li>\n<\/ul>\n\n\n\n<p><strong>Change manager: <\/strong> <\/p>\n\n\n\n<ul class=\"wp-block-list\">\n<li>le d\u00e9fi principal de ce projet r\u00e9sidait dans le tr\u00e8s grand nombre de\u00a0stakeholders impliqu\u00e9s, et \u00e0 la fronti\u00e8re fragile entre les activit\u00e9s sociales et \u00e9conomiques de l&#8217;organisation<\/li>\n<\/ul>\n\n\n\n<ul class=\"wp-block-list\">\n<li>Formation du client aux enjeux du nouveau site web<\/li>\n<\/ul>\n\n\n\n<p><strong>R\u00e9sultats:<\/strong><\/p>\n\n\n\n<ul class=\"wp-block-list\">\n<li>Lancement de sites web et Intranet clairs et fonctionnels<\/li>\n<\/ul>\n\n\n\n<figure class=\"wp-block-image aligncenter\"><img decoding=\"async\" src=\"http:\/\/aubertmme.wordpress.com\/wp-content\/uploads\/2018\/10\/temoignage-vincent-vandoorne.png\" alt=\"T\u00e9moignage de Vincent Vandoorne, de l'agence web Akimedia Nous avons travaill\u00e9 avec Marina dans le cadre de la cr\u00e9ation de plusieurs projets web. Elle assurait la r\u00e9flexion strat\u00e9gique et la coordination, nous la r\u00e9alisation. A chaque fois Marina est parvenue \u00e0 remettre en perspectives les objectifs du clients avec beaucoup d'efficacit\u00e9.\" class=\"wp-image-2660\"\/><\/figure>\n","protected":false},"excerpt":{"rendered":"<p>Mission: un nouveau site web avec une section intranet Business analyst: r\u00e9daction d\u2019un cahier des charges \u00e0 partir des besoins des stakeholders Functional analyst: Project manager: Change manager: R\u00e9sultats:<\/p>\n","protected":false},"author":2,"featured_media":0,"parent":3967,"menu_order":0,"comment_status":"closed","ping_status":"closed","template":"","meta":{"footnotes":""},"class_list":["post-2965","page","type-page","status-publish","hentry"],"jetpack_sharing_enabled":true,"_links":{"self":[{"href":"https:\/\/aubertm.me\/index.php\/wp-json\/wp\/v2\/pages\/2965","targetHints":{"allow":["GET"]}}],"collection":[{"href":"https:\/\/aubertm.me\/index.php\/wp-json\/wp\/v2\/pages"}],"about":[{"href":"https:\/\/aubertm.me\/index.php\/wp-json\/wp\/v2\/types\/page"}],"author":[{"embeddable":true,"href":"https:\/\/aubertm.me\/index.php\/wp-json\/wp\/v2\/users\/2"}],"replies":[{"embeddable":true,"href":"https:\/\/aubertm.me\/index.php\/wp-json\/wp\/v2\/comments?post=2965"}],"version-history":[{"count":6,"href":"https:\/\/aubertm.me\/index.php\/wp-json\/wp\/v2\/pages\/2965\/revisions"}],"predecessor-version":[{"id":5356,"href":"https:\/\/aubertm.me\/index.php\/wp-json\/wp\/v2\/pages\/2965\/revisions\/5356"}],"up":[{"embeddable":true,"href":"https:\/\/aubertm.me\/index.php\/wp-json\/wp\/v2\/pages\/3967"}],"wp:attachment":[{"href":"https:\/\/aubertm.me\/index.php\/wp-json\/wp\/v2\/media?parent=2965"}],"curies":[{"name":"wp","href":"https:\/\/api.w.org\/{rel}","templated":true}]}}