{"id":2978,"date":"2018-10-05T12:42:40","date_gmt":"2018-10-05T10:42:40","guid":{"rendered":"http:\/\/aubertm.me\/?page_id=2679"},"modified":"2025-10-31T14:31:46","modified_gmt":"2025-10-31T13:31:46","slug":"actiris","status":"publish","type":"page","link":"https:\/\/aubertm.me\/index.php\/my-experience\/actiris\/","title":{"rendered":"2013 Mission pour Actiris"},"content":{"rendered":"\n<p><strong>Mission <\/strong>: Information puis formation sur la recherche d&#8217;emploi avec Linkedin<\/p>\n\n\n\n<p><strong>Business analyst : <\/strong>En collaboration avec l&#8217;\u00e9quipe d&#8217;Actiris, j&#8217;ai pr\u00e9par\u00e9 le cahier des charges de la journ\u00e9e.<\/p>\n\n\n\n<p><strong>Change manager :<\/strong><\/p>\n\n\n\n<p>Information sur la recherche d&#8217;emploi avec Linkedin : conf\u00e9rence le matin<\/p>\n\n\n\n<ul class=\"wp-block-list\">\n<li>Partie 1 : Le porte-parole du service recrutement de la STIB <\/li>\n\n\n\n<li>Partie 2 : Mon intervention sur &#8220;S&#8217;initier \u00e0 la communication 2.0 afin de postuler efficacement en ligne&#8221;<\/li>\n<\/ul>\n\n\n\n<p>Formation  sur la recherche d&#8217;emploi avec Linkedin : atelier l&#8217;apr\u00e8s-midi<\/p>\n\n\n\n<ul class=\"wp-block-list\">\n<li>Atelier d&#8217;initiation \u00e0 l&#8217;utilisation de Linkedin pour les accompagnateurs de la Maison de l&#8217;Emploi d&#8217;Ixelles.<\/li>\n<\/ul>\n\n\n\n<p><strong>R\u00e9sultats<\/strong><\/p>\n\n\n\n<ul class=\"wp-block-list\">\n<li><strong>Environ 100 personnes form\u00e9es \u00e0 Linkedin<\/strong><\/li>\n<\/ul>\n\n\n\n<p><a href=\"http:\/\/aubertmme.wordpress.com\/fr\/contact\/\">Ouvrir la pr\u00e9sentation<\/a><\/p>\n","protected":false},"excerpt":{"rendered":"<p>Mission : Information puis formation sur la recherche d&#8217;emploi avec Linkedin Business analyst : En collaboration avec l&#8217;\u00e9quipe d&#8217;Actiris, j&#8217;ai pr\u00e9par\u00e9 le cahier des charges de la journ\u00e9e. Change manager : Information sur la recherche d&#8217;emploi avec Linkedin : conf\u00e9rence le matin Formation sur la recherche d&#8217;emploi avec Linkedin : atelier l&#8217;apr\u00e8s-midi R\u00e9sultats Ouvrir la [&hellip;]<\/p>\n","protected":false},"author":2,"featured_media":0,"parent":3967,"menu_order":0,"comment_status":"closed","ping_status":"closed","template":"","meta":{"footnotes":""},"class_list":["post-2978","page","type-page","status-publish","hentry"],"jetpack_sharing_enabled":true,"_links":{"self":[{"href":"https:\/\/aubertm.me\/index.php\/wp-json\/wp\/v2\/pages\/2978","targetHints":{"allow":["GET"]}}],"collection":[{"href":"https:\/\/aubertm.me\/index.php\/wp-json\/wp\/v2\/pages"}],"about":[{"href":"https:\/\/aubertm.me\/index.php\/wp-json\/wp\/v2\/types\/page"}],"author":[{"embeddable":true,"href":"https:\/\/aubertm.me\/index.php\/wp-json\/wp\/v2\/users\/2"}],"replies":[{"embeddable":true,"href":"https:\/\/aubertm.me\/index.php\/wp-json\/wp\/v2\/comments?post=2978"}],"version-history":[{"count":3,"href":"https:\/\/aubertm.me\/index.php\/wp-json\/wp\/v2\/pages\/2978\/revisions"}],"predecessor-version":[{"id":5186,"href":"https:\/\/aubertm.me\/index.php\/wp-json\/wp\/v2\/pages\/2978\/revisions\/5186"}],"up":[{"embeddable":true,"href":"https:\/\/aubertm.me\/index.php\/wp-json\/wp\/v2\/pages\/3967"}],"wp:attachment":[{"href":"https:\/\/aubertm.me\/index.php\/wp-json\/wp\/v2\/media?parent=2978"}],"curies":[{"name":"wp","href":"https:\/\/api.w.org\/{rel}","templated":true}]}}