{"id":3245,"date":"2020-12-23T12:47:03","date_gmt":"2020-12-23T11:47:03","guid":{"rendered":"https:\/\/aubertmme.wordpress.com\/?page_id=3245"},"modified":"2025-10-31T14:42:42","modified_gmt":"2025-10-31T13:42:42","slug":"rueduweb-2009-2017","status":"publish","type":"page","link":"https:\/\/aubertm.me\/index.php\/my-projects\/rueduweb-2009-2017\/","title":{"rendered":"2009-2017 RueDuWeb"},"content":{"rendered":"\n<p>Je suis co-fondatrice de la RueDuWeb. Nous avons commenc\u00e9 l&#8217;aventure \u00e0 4 soci\u00e9t\u00e9s, dont la mienne. En 2013, le collectif informel s&#8217;est mu\u00e9 en entreprise en croissance.<\/p>\n\n\n\n<p>Aujourd&#8217;hui, la RueDuWeb est une communaut\u00e9 collaborative de professionnels actifs dans le num\u00e9rique, la communication et la formation. C\u2019est une SCRL qui rassemble plus de 50 personnes travaillant pour une vingtaine d\u2019entit\u00e9s&nbsp;: des freelances, des petites entreprises et des startups \u00e0 forte croissance.<\/p>\n\n\n\n<p>Fin 2014, la RueDuWeb a rejoint la tour Creative Spark d\u00e9di\u00e9e aux startups et \u00e0 l&#8217;entrepreneuriat num\u00e9rique.<\/p>\n\n\n\n<figure class=\"wp-block-image size-large\"><img decoding=\"async\" src=\"https:\/\/aubertm.me\/wp-content\/uploads\/2021\/04\/dedicace-coworking.jpg?w=800\" alt=\"\" class=\"wp-image-3878\" \/><\/figure>\n\n\n\n<p><a title=\"RueDuWeb\" href=\"http:\/\/www.rueduweb.be\" target=\"_blank\" rel=\"noopener\">En savoir plus sur la RueDuWeb<\/a><br><a title=\"CreativeSpark\" href=\"http:\/\/www.creativespark.be\" target=\"_blank\" rel=\"noopener\">En savoir plus sur le Creative Spark<\/a><\/p>\n","protected":false},"excerpt":{"rendered":"<p>Je suis co-fondatrice de la RueDuWeb. Nous avons commenc\u00e9 l&#8217;aventure \u00e0 4 soci\u00e9t\u00e9s, dont la mienne. En 2013, le collectif informel s&#8217;est mu\u00e9 en entreprise en croissance. Aujourd&#8217;hui, la RueDuWeb est une communaut\u00e9 collaborative de professionnels actifs dans le num\u00e9rique, la communication et la formation. C\u2019est une SCRL qui rassemble plus de 50 personnes travaillant [&hellip;]<\/p>\n","protected":false},"author":2,"featured_media":0,"parent":5090,"menu_order":2009,"comment_status":"closed","ping_status":"closed","template":"","meta":{"footnotes":""},"class_list":["post-3245","page","type-page","status-publish","hentry"],"jetpack_sharing_enabled":true,"_links":{"self":[{"href":"https:\/\/aubertm.me\/index.php\/wp-json\/wp\/v2\/pages\/3245","targetHints":{"allow":["GET"]}}],"collection":[{"href":"https:\/\/aubertm.me\/index.php\/wp-json\/wp\/v2\/pages"}],"about":[{"href":"https:\/\/aubertm.me\/index.php\/wp-json\/wp\/v2\/types\/page"}],"author":[{"embeddable":true,"href":"https:\/\/aubertm.me\/index.php\/wp-json\/wp\/v2\/users\/2"}],"replies":[{"embeddable":true,"href":"https:\/\/aubertm.me\/index.php\/wp-json\/wp\/v2\/comments?post=3245"}],"version-history":[{"count":2,"href":"https:\/\/aubertm.me\/index.php\/wp-json\/wp\/v2\/pages\/3245\/revisions"}],"predecessor-version":[{"id":5218,"href":"https:\/\/aubertm.me\/index.php\/wp-json\/wp\/v2\/pages\/3245\/revisions\/5218"}],"up":[{"embeddable":true,"href":"https:\/\/aubertm.me\/index.php\/wp-json\/wp\/v2\/pages\/5090"}],"wp:attachment":[{"href":"https:\/\/aubertm.me\/index.php\/wp-json\/wp\/v2\/media?parent=3245"}],"curies":[{"name":"wp","href":"https:\/\/api.w.org\/{rel}","templated":true}]}}