{"id":3262,"date":"2020-12-23T13:03:29","date_gmt":"2020-12-23T12:03:29","guid":{"rendered":"https:\/\/aubertmme.wordpress.com\/?page_id=3262"},"modified":"2025-11-04T14:56:18","modified_gmt":"2025-11-04T13:56:18","slug":"bruxelles-formation-2018","status":"publish","type":"page","link":"https:\/\/aubertm.me\/index.php\/my-experience\/bruxelles-formation-2018\/","title":{"rendered":"2018-2023 Bruxelles Formation"},"content":{"rendered":"\n<p id=\"top\"><strong>Objectif du programme  :<\/strong> augmenter les lieux de publication des donn\u00e9es  du catalogue Dorifor<\/p>\n\n\n\n<p id=\"top\">2018-2022 <a href=\"#epubli\">Project manager du projet transversal prioritaire &#8220;e-publi&#8221;<\/a>: lancement de l&#8217;Open Data, et du design d&#8217;ergonomie comportementale<\/p>\n\n\n\n<p>2018-2023 <a href=\"#cdm\" data-type=\"internal\" data-id=\"#cdm\">Project manager du site web de la Cit\u00e9 des m\u00e9tiers de Bruxelles<\/a>, requalifi\u00e9 parmi les projets prioritaires de la collaboration Bruxelles Formation-Actiris pour 2023-2024<\/p>\n\n\n\n<p>2018-2023 <a href=\"#autres\">Consultance pour les sites web des partenaires et projets europ\u00e9ens<\/a> de Bruxelles Formation<\/p>\n\n\n\n<p>2022-2023 <a href=\"#vacodo\" data-type=\"internal\" data-id=\"#vacodo\">Project manager du projet transversal prioritaire &#8220;VacoDo&#8221;<\/a> : migration des contenus et des fonctionnalit\u00e9s du site web Dorifor sur le site web Cit\u00e9 des m\u00e9tiers de Bruxelles<\/p>\n\n\n\n<p>Ces projets contribuent au <a href=\"#transfodigitale\">Plan de transformation digitale<\/a> de Bruxelles Formation. <br>Voir ma <a href=\"#methodo\" data-type=\"internal\" data-id=\"#methodo\">m\u00e9thodologie<\/a> de travail.<\/p>\n\n\n\n<hr class=\"wp-block-separator has-alpha-channel-opacity\"\/>\n\n\n<h2 class=\"wp-block-heading\" id=\"epubli\">Projet &#8220;epubli&#8221;<\/h2>\n\n\n<div class=\"wp-block-group has-global-padding is-layout-constrained wp-block-group-is-layout-constrained\">\n<p>En charge du projet &#8220;e-publi&#8221; (Publication digitalis\u00e9e de l\u2019offre de formation), li\u00e9 au Contrat de gestion articles 15 et 16, Plan d\u2019action page 61, Plan Formation 2020<\/p>\n\n\n\n<ul class=\"wp-block-list\">\n<li>Comptes rendus au Comit\u00e9 de direction<\/li>\n\n\n\n<li>Sponsor du projet : Directrice de la Communication<\/li>\n\n\n\n<li>Animation des comit\u00e9s de pilotage et groupes de travail en lien avec le projet<\/li>\n<\/ul>\n\n\n\n<p><strong>Objectif<\/strong><br><em>Am\u00e9liorer la visibilit\u00e9\/lisibilit\u00e9 pour les chercheurs d\u2019emploi et prescripteurs\/entreprises sur les conditions d\u2019acc\u00e8s \u00e0 la formation via les diff\u00e9rents outils et services (site web, site de la Cit\u00e9 des M\u00e9tiers,\u2026)<\/em>&nbsp;(<a rel=\"noreferrer noopener\" href=\"https:\/\/www.bruxellesformation.brussels\/wp-content\/uploads\/2020\/11\/Plan-de-gestion-2017-2022-dynamique.pdf\" target=\"_blank\">p.23<\/a>)<\/p>\n\n\n\n<p>NB : La Cit\u00e9 des m\u00e9tiers de Bruxelles est une association de fait entre Bruxelles Formation, Actiris et le VDAB.<\/p>\n<\/div>\n\n\n\n<p><strong>Product Owner de&nbsp;<a rel=\"noreferrer noopener\" href=\"https:\/\/www.bruxellesformation.brussels\/\" target=\"_blank\">bruxellesformation.brussels<\/a><\/strong><br>2019 refonte compl\u00e8te : accompagnement au changement de l&#8217;architecture d&#8217;information, du design, de l&#8217;adoption du nouveau CMS (WordPress)<br>2020 <a href=\"https:\/\/aubertm.me\/2021\/04\/05\/bruxelles-formation-ergonomics-for-public-inclusion\/\">recherches d\u2019optimisation ergonomique UX\/UI<\/a><br>2021 int\u00e9gration de l&#8217;Open Data de Dorifor<br>2021 label Anysurfer<br>2022 impl\u00e9mentation de l&#8217;optimisation ergonomique<\/p>\n\n\n\n<p><strong>Product Owner de l\u2019<a href=\"https:\/\/datastore.brussels\/web\/data\/service\/d8eb49af-f2d5-4fc6-b4ff-12cefa6b0a10\" target=\"_blank\" rel=\"noreferrer noopener\">Open Data Dorifor<\/a><\/strong> <br>2020 \u00e9tude des besoins des partenaires institutionnels et des sp\u00e9cialistes de l\u2019orientation : Cit\u00e9 des m\u00e9tiers de Bruxelles, Actiris, P\u00f4les Formation Emploi, CPAS\u2026<br>2021 optimisation de la lisibilit\u00e9 des donn\u00e9es et cr\u00e9ation de champs de filtres et de tri pour une meilleure interconnexion avec d&#8217;autres r\u00e9f\u00e9rentiels m\u00e9tiers et formation (Competent)<\/p>\n\n\n\n<p><a href=\"#top\">Retour<\/a><\/p>\n\n\n\n<hr class=\"wp-block-separator has-alpha-channel-opacity\"\/>\n\n\n<h2 class=\"wp-block-heading\" id=\"cdm\">Projet site web Cit\u00e9 des m\u00e9tiers de Bruxelles<\/h2>\n\n\n<p>En charge du projet &#8220;site web de la Cit\u00e9 des m\u00e9tiers de Bruxelles&#8221;, li\u00e9 \u00e0 l\u2019objectif 4 du contrat de gestion 2023-2027 d\u2019Actiris, et \u00e0 l\u2019objectif 2 du contrat de gestion 2023-2027 de Bruxelles Formation<\/p>\n\n\n\n<ul class=\"wp-block-list\">\n<li>Comptes rendus au Comit\u00e9 de direction de la Cit\u00e9 des m\u00e9tiers<\/li>\n\n\n\n<li>Sponsor du projet : Directrice de la Cit\u00e9 des m\u00e9tiers (2019-2023), puis Directeur de la production de Bruxelles Formation (2023-aujourd&#8217;hui)<\/li>\n\n\n\n<li>Animation du comit\u00e9 de pilotage et groupes de travail en lien avec le projet<\/li>\n<\/ul>\n\n\n\n<p><strong>Objectif<\/strong><br>Devenir un site de r\u00e9f\u00e9rence<\/p>\n\n\n\n<p><strong>Product Owner de&nbsp;<a rel=\"noreferrer noopener\" href=\"http:\/\/citedesmetiers.brussels\/\" target=\"_blank\">citedesmetiers.brussels\/beroepenpunt.brussels<\/a><\/strong><\/p>\n\n\n\n<p>2020 recherches d\u2019optimisation ergonomique<br>2020 mise en place du chatbot (COVID)<br>2021 refonte avec optimisation ergonomique UX\/UI pour les chercheurs d\u2019emploi et la mise en place d&#8217;un CMS<br>2021 cr\u00e9ation d\u2019une interface sp\u00e9cialis\u00e9e pour les conseill\u00e8res d\u2019orientation (CDM, Actiris, CPAS)<br>2023 int\u00e9gration d&#8217;une offre Jeunes (en cours)<\/p>\n\n\n\n<p><a href=\"#top\">Retour<\/a><\/p>\n\n\n\n<hr class=\"wp-block-separator has-alpha-channel-opacity\"\/>\n\n\n<h2 class=\"wp-block-heading\" id=\"autres\">Consultance pour les sites web des partenaires et projets europ\u00e9ens<\/h2>\n\n\n<p>Consultance pour P\u00f4les Formation Emploi (DigitalCity, Technicity, Logisticity, Construcity), R\u00e9seau international des Cit\u00e9s de m\u00e9tiers, OTLAV, ReferNet, Euroguidance&#8230;<\/p>\n\n\n\n<ul class=\"wp-block-list\">\n<li>Strat\u00e9gie digitale<br>R\u00e9daction de cahiers des charges, accompagnement au lancement de march\u00e9s publics<br>Architecture d&#8217;information<\/li>\n\n\n\n<li>Formation \u00e0 l&#8217;utilisation des CMS (WordPress, Umbraco)<\/li>\n\n\n\n<li>Accompagnement \u00e0 l&#8217;int\u00e9gration de l&#8217;Open Data<\/li>\n\n\n\n<li>&#8230;<\/li>\n<\/ul>\n\n\n\n<p><a href=\"#top\">Retour<\/a><\/p>\n\n\n\n<hr class=\"wp-block-separator has-alpha-channel-opacity\"\/>\n\n\n<h2 class=\"wp-block-heading\" id=\"vacodo\">Projet &#8220;VacoDo&#8221;<\/h2>\n\n\n<div class=\"wp-block-group has-global-padding is-layout-constrained wp-block-group-is-layout-constrained\">\n<p>En charge du projet &#8220;VacoDo&#8221; (Valorisation des contenus du site web Dorifor dans le site web Cit\u00e9 des m\u00e9tiers de Bruxelles), li\u00e9 au Plan de gestion 2023-2027 de Bruxelles Formation<\/p>\n\n\n\n<ul class=\"wp-block-list\">\n<li>Comptes rendus au Comit\u00e9 de direction<\/li>\n\n\n\n<li>Sponsor du projet : Directeur de la production de Bruxelles Formation<\/li>\n\n\n\n<li>Animation du comit\u00e9 de pilotage et groupes de travail en lien avec le projet<\/li>\n<\/ul>\n\n\n\n<p><strong>Objectif<\/strong><\/p>\n\n\n\n<p><em>L\u2019accessibilit\u00e9, la lisibilit\u00e9 et la simplification de l\u2019information, de l\u2019inscription, des processus et des services, tant pour les usagers que pour les prescripteurs<\/em>&nbsp;(2.1)<\/p>\n<\/div>\n\n\n\n<p>Ce projet consiste essentiellement \u00e0 de l&#8217;accompagnement au changement<br>2022 Recrutement d&#8217;une r\u00e9dactrice en chef senior externe<br>2023 Mise en place d&#8217;un cadre de coconstruction de la m\u00e9thodologie de migration (gestion des risques, modalit\u00e9s de migration pour les contenus et les fonctionnalit\u00e9s, gestion des priorit\u00e9s), et de formation aux outils (CMS Umbraco, guide d&#8217;\u00e9criture, Sapiens Text, Inclup\u00e9die)<\/p>\n\n\n\n<p><a href=\"#top\">Retour<\/a><\/p>\n\n\n\n<hr class=\"wp-block-separator has-alpha-channel-opacity\"\/>\n\n\n<h2 class=\"wp-block-heading\" id=\"transfodigitale\">Contribution au Plan de transformation digitale<\/h2>\n\n\n<ul class=\"wp-block-list\">\n<li>Membre du groupe de travail pour la mise en place de la m\u00e9thode agile pour les projets num\u00e9riques<\/li>\n\n\n\n<li>Membre du groupe de travail pour la mise en place du catalogue de services num\u00e9riques<\/li>\n\n\n\n<li>Membre du comit\u00e9 de pilotage pour l\u2019impl\u00e9mentation de MS 365\n<ul class=\"wp-block-list\">\n<li>R\u00e9f\u00e9rente pour la strat\u00e9gie de communication interne pour MS 365\n<ul class=\"wp-block-list\">\n<li>mise en place des enqu\u00eates internes pour la r\u00e9colte des besoins<\/li>\n\n\n\n<li>synchronisation avec la strat\u00e9gie d\u2019impl\u00e9mentation du nouvel intranet<\/li>\n<\/ul>\n<\/li>\n\n\n\n<li>Contribution p\u00e9dagogique sur base de mes exp\u00e9riences pass\u00e9es<br>(formatrice et coach \u00e0 la strat\u00e9gie num\u00e9rique de 2007 \u00e0 2017, notamment pour les candidats entrepreneurs dans la p\u00e9pini\u00e8re Azimut)<\/li>\n<\/ul>\n<\/li>\n\n\n\n<li>Membre des comit\u00e9s de pilotage pour les TICE, et pour le d\u00e9veloppement du catalogue de formations elearning<\/li>\n<\/ul>\n\n\n\n<p><a href=\"#top\">Retour<\/a><\/p>\n\n\n\n<hr class=\"wp-block-separator has-alpha-channel-opacity\"\/>\n\n\n\n<div class=\"wp-block-group has-global-padding is-layout-constrained wp-block-group-is-layout-constrained\"><h2 class=\"wp-block-heading\" id=\"methodo\">M\u00e9thodologie<\/h2>\n\n\n<ul class=\"wp-block-list\">\n<li>Mise en place de la r\u00e9colte des besoins&nbsp;:\n<ul class=\"wp-block-list\">\n<li>Business analyse, sondages et r\u00e9unions internes&nbsp;<\/li>\n\n\n\n<li>Lancement de march\u00e9s publics pour l\u2019<a href=\"https:\/\/aubertm.me\/2021\/04\/05\/bruxelles-formation-ergonomics-for-public-inclusion\/\">optimisation ergonomique UX\/UI des sites web<\/a>&nbsp;<\/li>\n<\/ul>\n<\/li>\n\n\n\n<li>R\u00e9daction des cahiers des charges business et techniques pour la publication des march\u00e9s publics<\/li>\n\n\n\n<li>\u00c9valuation et n\u00e9gociation des budgets, planification et phasages<\/li>\n\n\n\n<li>R\u00e9daction des histoires utilisateurs (m\u00e9thodologie agile SCRUM), cr\u00e9ation des outils de suivi (Gantt, Kanban)<\/li>\n\n\n\n<li>Strat\u00e9gie de communication interne (d\u00e9jouer la r\u00e9sistance au changement, aspects organisationnels et humains)&nbsp;: publication d\u2019informations sur l\u2019intranet, formations, emailings et r\u00e9unions d\u2019information pour les publics internes et externes<\/li>\n\n\n\n<li>Mise en place des KPIs, analyse des statistiques d\u2019utilisation (Google Analytics), et plans d\u2019am\u00e9lioration continue<\/li>\n<\/ul>\n\n\n\n<p><a href=\"#top\">Retour<\/a><\/p>\n<\/div>\n","protected":false},"excerpt":{"rendered":"<p>Objectif du programme : augmenter les lieux de publication des donn\u00e9es du catalogue Dorifor 2018-2022 Project manager du projet transversal prioritaire &#8220;e-publi&#8221;: lancement de l&#8217;Open Data, et du design d&#8217;ergonomie comportementale 2018-2023 Project manager du site web de la Cit\u00e9 des m\u00e9tiers de Bruxelles, requalifi\u00e9 parmi les projets prioritaires de la collaboration Bruxelles Formation-Actiris pour [&hellip;]<\/p>\n","protected":false},"author":2,"featured_media":0,"parent":3967,"menu_order":2018,"comment_status":"closed","ping_status":"closed","template":"","meta":{"footnotes":""},"class_list":["post-3262","page","type-page","status-publish","hentry"],"jetpack_sharing_enabled":true,"_links":{"self":[{"href":"https:\/\/aubertm.me\/index.php\/wp-json\/wp\/v2\/pages\/3262","targetHints":{"allow":["GET"]}}],"collection":[{"href":"https:\/\/aubertm.me\/index.php\/wp-json\/wp\/v2\/pages"}],"about":[{"href":"https:\/\/aubertm.me\/index.php\/wp-json\/wp\/v2\/types\/page"}],"author":[{"embeddable":true,"href":"https:\/\/aubertm.me\/index.php\/wp-json\/wp\/v2\/users\/2"}],"replies":[{"embeddable":true,"href":"https:\/\/aubertm.me\/index.php\/wp-json\/wp\/v2\/comments?post=3262"}],"version-history":[{"count":8,"href":"https:\/\/aubertm.me\/index.php\/wp-json\/wp\/v2\/pages\/3262\/revisions"}],"predecessor-version":[{"id":5305,"href":"https:\/\/aubertm.me\/index.php\/wp-json\/wp\/v2\/pages\/3262\/revisions\/5305"}],"up":[{"embeddable":true,"href":"https:\/\/aubertm.me\/index.php\/wp-json\/wp\/v2\/pages\/3967"}],"wp:attachment":[{"href":"https:\/\/aubertm.me\/index.php\/wp-json\/wp\/v2\/media?parent=3262"}],"curies":[{"name":"wp","href":"https:\/\/api.w.org\/{rel}","templated":true}]}}