{"id":5318,"date":"2025-11-05T13:18:29","date_gmt":"2025-11-05T12:18:29","guid":{"rendered":"https:\/\/aubertm.me\/?page_id=5318"},"modified":"2025-11-05T13:18:29","modified_gmt":"2025-11-05T12:18:29","slug":"2014-2021-mission-pour-fitmynest-scrl","status":"publish","type":"page","link":"https:\/\/aubertm.me\/index.php\/my-projects\/2014-2021-mission-pour-fitmynest-scrl\/","title":{"rendered":"2014-2021 Mission pour FitMyNest SCRL"},"content":{"rendered":"\n<p><strong>Mission :<\/strong> faciliter la cr\u00e9ation d&#8217;habitats group\u00e9s durables<\/p>\n\n\n\n<p><strong>Business analyst :<\/strong> \u00e9tude des besoins des familles int\u00e9ress\u00e9es<\/p>\n\n\n\n<p><strong>Functional analyst :<\/strong> analyse de la situation existante AS-IS, et conception d&#8217;une proposition de solution TO-BE<\/p>\n\n\n\n<p><strong>Project manager :<\/strong> <\/p>\n\n\n\n<ul class=\"wp-block-list\">\n<li>2014 POC au Startup Weekend Brussels<\/li>\n\n\n\n<li>2017 MVP au sein de la couveuse B-Sprouts d\u00e9di\u00e9e \u00e0 l&#8217;industrie 4.0<\/li>\n\n\n\n<li>2018 Cr\u00e9ation de la SCRL FitMyNest<\/li>\n<\/ul>\n\n\n\n<p><strong>Business development : <\/strong><\/p>\n\n\n\n<ul class=\"wp-block-list\">\n<li>2018-2019 R\u00e9colte de fonds via les m\u00e9canismes fiscaux d&#8217;investissement dans les coop\u00e9ratives bruxelloises<\/li>\n\n\n\n<li>2018-2019 Soutien m\u00e9thodologique par la couveuse Coopcit\u00e9 sp\u00e9cialis\u00e9e en \u00e9conomie sociale<\/li>\n\n\n\n<li>2019 Soutien financier du Fonds Social Europ\u00e9en et de la R\u00e9gion bruxelloise<\/li>\n<\/ul>\n\n\n\n<p><strong>R\u00e9sultats : <\/strong> <\/p>\n\n\n\n<ul class=\"wp-block-list\">\n<li>3 communaut\u00e9s candidates : Bruxelles, Nivelles, Wellin<\/li>\n\n\n\n<li>35 membres de la coop\u00e9rative<\/li>\n\n\n\n<li>Conception d&#8217;un cahier des charge pour les futurs b\u00e2timents\/quartiers d&#8217;habitats group\u00e9s<\/li>\n\n\n\n<li>Visite de projets similaires \u00e0 Barcelone et \u00e0 Berlin<\/li>\n\n\n\n<li>Participation au label Sohonet d&#8217;habitat durable<\/li>\n<\/ul>\n\n\n\n<p><strong>Formations suivies :<\/strong><\/p>\n\n\n\n<ul class=\"wp-block-list\">\n<li>2017 Facilitatrice de groupe selon la m\u00e9thode SALT , BelComp\u00e9tence<\/li>\n\n\n\n<li>2018 MOOC Mod\u00e8les d&#8217;\u00e9conomie durable, UCM &#8211; ECAM -BeCircular.brussels<\/li>\n\n\n\n<li>2018 MOOC \u00c9conomie du sol et de l&#8217;immobilier, \u00c9cole Polytechnique F\u00e9d\u00e9rale de Lausanne<\/li>\n<\/ul>\n","protected":false},"excerpt":{"rendered":"<p>Mission : faciliter la cr\u00e9ation d&#8217;habitats group\u00e9s durables Business analyst : \u00e9tude des besoins des familles int\u00e9ress\u00e9es Functional analyst : analyse de la situation existante AS-IS, et conception d&#8217;une proposition de solution TO-BE Project manager : Business development : R\u00e9sultats : Formations suivies :<\/p>\n","protected":false},"author":1,"featured_media":0,"parent":5090,"menu_order":0,"comment_status":"closed","ping_status":"closed","template":"","meta":{"footnotes":""},"class_list":["post-5318","page","type-page","status-publish","hentry"],"jetpack_sharing_enabled":true,"_links":{"self":[{"href":"https:\/\/aubertm.me\/index.php\/wp-json\/wp\/v2\/pages\/5318","targetHints":{"allow":["GET"]}}],"collection":[{"href":"https:\/\/aubertm.me\/index.php\/wp-json\/wp\/v2\/pages"}],"about":[{"href":"https:\/\/aubertm.me\/index.php\/wp-json\/wp\/v2\/types\/page"}],"author":[{"embeddable":true,"href":"https:\/\/aubertm.me\/index.php\/wp-json\/wp\/v2\/users\/1"}],"replies":[{"embeddable":true,"href":"https:\/\/aubertm.me\/index.php\/wp-json\/wp\/v2\/comments?post=5318"}],"version-history":[{"count":13,"href":"https:\/\/aubertm.me\/index.php\/wp-json\/wp\/v2\/pages\/5318\/revisions"}],"predecessor-version":[{"id":5411,"href":"https:\/\/aubertm.me\/index.php\/wp-json\/wp\/v2\/pages\/5318\/revisions\/5411"}],"up":[{"embeddable":true,"href":"https:\/\/aubertm.me\/index.php\/wp-json\/wp\/v2\/pages\/5090"}],"wp:attachment":[{"href":"https:\/\/aubertm.me\/index.php\/wp-json\/wp\/v2\/media?parent=5318"}],"curies":[{"name":"wp","href":"https:\/\/api.w.org\/{rel}","templated":true}]}}